{"id":2773,"date":"2018-04-01T00:42:37","date_gmt":"2018-04-01T00:42:37","guid":{"rendered":"https:\/\/simsim-reisen.de\/?page_id=2773"},"modified":"2022-03-16T08:39:13","modified_gmt":"2022-03-16T08:39:13","slug":"ueber-uns","status":"publish","type":"page","link":"http:\/\/simsim-reisen.de\/?page_id=2773","title":{"rendered":"\u00dcber uns"},"content":{"rendered":"<p>[vc_row][vc_column offset=&#8220;vc_hidden-lg vc_hidden-md vc_hidden-sm vc_hidden-xs&#8220;][vc_column_text]\u00dcber uns Mein Name ist\u00a0<strong>Samir<\/strong>, geboren in Berlin. Ich bin halb Deutscher und halb \u00c4gypter, habe meine Schulzeit und meine Ausbildung <a href=\"https:\/\/en.wikipedia.org\/wiki\/Hurghada\">als<\/a>\u00a0 \u00dcber uns Hotelfachmann in Berlin absolviert. Ich war in unterschiedlichen Abteilungen in vielen bekannten Hotels t\u00e4tig, und habe mich dann entschlossen ans Rote Meer auszuwandern.\u00dcber uns<br \/>\nIn Hurghada war ich als\u00a0\u00dcber uns Reiseleiter besch\u00e4ftigt und habe mich nebenbei anderweitig f\u00fcr individuelle Ausfl\u00fcge interessiert. Da viele <a href=\"https:\/\/simsim-reisen.de\/\">G\u00e4ste<\/a> sich f\u00fcr\u00a0\u00dcber uns meine Ausfl\u00fcge interessiert und mich weiter vermittelt haben, f\u00fchrte f\u00fcr mich kein Weg mehr zur\u00fcck. \u201cSimSim Reisen &amp; Ausfl\u00fcge\u201d war geboren und ist seit 2001 eine \u2013 wie man uns nachsagt \u2013 einzigartige Institution, die sich von anderen Anbietern durch viele Aspekte abzuheben vermag.\u00a0\u00dcber uns<\/p>\n<h2>\u00dcber uns<\/h2>\n<p><img loading=\"lazy\" decoding=\"async\" class=\"alignnone size-full wp-image-3489\" src=\"http:\/\/simsim-reisen.de\/wp-content\/uploads\/2018\/04\/simsim-tauchtouren-aegypten-dark.png\" alt=\"\u00dcber uns\" width=\"50\" height=\"61\" \/>[\/vc_column_text][\/vc_column][\/vc_row][vc_row row_content_width=&#8220;grid&#8220;][vc_column][vc_empty_space height=&#8220;50px&#8220;]<div class=\"qodef-elements-holder   qodef-one-column  qodef-responsive-mode-768 \" ><div class=\"qodef-eh-item     \"  data-item-class=\"qodef-eh-custom-9006\">\n\t<div class=\"qodef-eh-item-inner\">\n\t\t<div class=\"qodef-eh-item-content qodef-eh-custom-9006\" >\n\t\t\t<div class=\"qodef-section-title-holder  qodef-st-standard qodef-st-title-left qodef-st-normal-space qodef-st-disable-title-break \" style=\"text-align: left\">\n\t<div class=\"qodef-st-inner\">\n\t\t\t\t\t<h2 class=\"qodef-st-title\" >\n\t\t\t\tSimSim Reisen <span class=\"qodef-st-title-bold\">die<\/span> <span class=\"qodef-st-title-bold\">andere<\/span><br \/> <span class=\"qodef-st-title-bold\">Variante,<\/span> <span class=\"qodef-st-title-bold\">wenn<\/span> es um Ausfl\u00fcge geht! \t\t\t<\/h2>\n\t\t\t\t\t\t\t<h5 class=\"qodef-st-text\" >\n\t\t\t\tUnsere Philosophie hei\u00dft: Massentourismus? Nein Danke! - Qualit\u00e4t liegt in Individualit\u00e4t!\t\t\t<\/h5>\n\t\t\t<\/div>\n<\/div>[vc_empty_space height=&#8220;50px&#8220;]\t\t<\/div>\n\t<\/div>\n\t<\/div><\/div>[\/vc_column][\/vc_row][vc_row equal_height=&#8220;yes&#8220; content_placement=&#8220;middle&#8220; css=&#8220;.vc_custom_1522460138196{margin-top: 0px !important;padding-top: 0px !important;}&#8220;][vc_column css=&#8220;.vc_custom_1522589686862{margin-top: 0px !important;margin-right: 0px !important;margin-bottom: 0px !important;margin-left: 0px !important;padding-top: 0px !important;padding-right: 0px !important;padding-bottom: 0px !important;padding-left: 0px !important;background-image: url(http:\/\/simsim-reisen.de\/wp-content\/uploads\/2018\/04\/deutsche-tauchbasis-aegypten.jpg?id=2782) !important;background-position: center !important;background-repeat: no-repeat !important;background-size: cover !important;}&#8220; offset=&#8220;vc_col-lg-6 vc_col-md-12&#8243;][vc_empty_space height=&#8220;500px&#8220;][\/vc_column][vc_column offset=&#8220;vc_col-lg-6 vc_col-md-12&#8243;]<div class=\"qodef-elements-holder   qodef-one-column  qodef-responsive-mode-768 \" ><div class=\"qodef-eh-item     \"  data-item-class=\"qodef-eh-custom-6554\" data-1280-1600=\"2% 13% 0\" data-1024-1280=\"2% 12% 0\" data-768-1024=\"5% 5% 5% 5%\" data-680-768=\"5% 5% 5% 5%\" data-680=\"5% 5% 5% 5%\">\n\t<div class=\"qodef-eh-item-inner\">\n\t\t<div class=\"qodef-eh-item-content qodef-eh-custom-6554\" style=\"padding: 4% 15% 0 15%\">\n\t\t\t[vc_column_text]Mein Name ist <strong>Samir<\/strong>, geboren in Berlin. Ich bin halb Deutscher und halb \u00c4gypter, habe meine Schulzeit und meine Ausbildung als Hotelfachmann in Berlin absolviert. Ich war in unterschiedlichen Abteilungen in vielen Hotels t\u00e4tig, und habe mich dann entschlossen ans Rote Meer auszuwandern.<\/p>\n<p>In Hurghada war ich als Reiseleiter besch\u00e4ftigt und habe mich nebenbei anderweitig f\u00fcr individuelle Ausfl\u00fcge interessiert. Da viele G\u00e4ste sich f\u00fcr meine Ausfl\u00fcge interessiert und mich weiter vermittelt haben, f\u00fchrte f\u00fcr mich kein Weg mehr zur\u00fcck. &#8222;SimSim Reisen &amp; Ausfl\u00fcge&#8220; war geboren und ist seit 2001 eine &#8211; wie man uns nachsagt &#8211; einzigartige Institution, die sich von anderen Anbietern durch viele Aspekte abzuheben vermag.[\/vc_column_text]\t\t<\/div>\n\t<\/div>\n\t<\/div><\/div>[\/vc_column][\/vc_row][vc_row equal_height=&#8220;yes&#8220; content_placement=&#8220;middle&#8220; css=&#8220;.vc_custom_1522460138196{margin-top: 0px !important;padding-top: 0px !important;}&#8220;][vc_column offset=&#8220;vc_col-lg-6 vc_col-md-12&#8243; css=&#8220;.vc_custom_1522460262205{padding-top: 0px !important;padding-bottom: 0px !important;}&#8220;]<div class=\"qodef-elements-holder   qodef-one-column  qodef-responsive-mode-768 \" ><div class=\"qodef-eh-item     \"  data-item-class=\"qodef-eh-custom-4042\" data-1280-1600=\"2% 13% 0\" data-1024-1280=\"2% 12% 0\" data-768-1024=\"5% 5% 5% 5%\" data-680-768=\"5% 5% 5% 5%\" data-680=\"5% 5% 5% 5%\">\n\t<div class=\"qodef-eh-item-inner\">\n\t\t<div class=\"qodef-eh-item-content qodef-eh-custom-4042\" style=\"padding: 4% 15% 0 15%\">\n\t\t\t[vc_column_text]Ich hoffe Sie finden hier alle Informationen die Sie ben\u00f6tigen, wenn Sie Fragen bez\u00fcglich der &#8222;SimSim Reisen&#8220; Ausfl\u00fcge, Fragen allgemein \u00fcber \u00c4gypten, Hurghada, Makadi Bay usw. haben dann w\u00fcrde ich mich sehr \u00fcber eine Email von Ihnen freuen, ich stehe Ihnen gerne jederzeit zur Verf\u00fcgung.<\/p>\n<p>Vielen Dank f\u00fcr Ihre Aufmerksamkeit und wir hoffen Sie bald als unsere G\u00e4ste am Roten Meer begr\u00fc\u00dfen zu d\u00fcrfen.<\/p>\n<p><strong>Ihr SimSim, Samir.<\/strong>[\/vc_column_text]\t\t<\/div>\n\t<\/div>\n\t<\/div><\/div>[\/vc_column][vc_column css=&#8220;.vc_custom_1522590895623{margin-top: 0px !important;margin-right: 0px !important;margin-bottom: 0px !important;margin-left: 0px !important;padding-top: 0px !important;padding-right: 0px !important;padding-bottom: 0px !important;padding-left: 0px !important;background-image: url(http:\/\/simsim-reisen.de\/wp-content\/uploads\/2018\/04\/Tourists-children-riding-camel-on-the-beach-of-Egypt.-Sharpness-on-a-camel._shutterstock_144340636.jpg?id=2783) !important;background-position: center !important;background-repeat: no-repeat !important;background-size: cover !important;}&#8220; offset=&#8220;vc_col-lg-6 vc_col-md-12&#8243;][vc_empty_space height=&#8220;500px&#8220;][\/vc_column][\/vc_row]<\/p>\n","protected":false},"excerpt":{"rendered":"<p>[vc_row][vc_column offset=&#8220;vc_hidden-lg vc_hidden-md vc_hidden-sm vc_hidden-xs&#8220;][vc_column_text]\u00dcber uns Mein Name ist\u00a0Samir, geboren in Berlin. Ich bin halb Deutscher und halb \u00c4gypter, habe meine Schulzeit und meine Ausbildung als\u00a0 \u00dcber uns Hotelfachmann in Berlin absolviert. Ich war in unterschiedlichen Abteilungen in vielen bekannten [&hellip;]<\/p>\n","protected":false},"author":1,"featured_media":0,"parent":0,"menu_order":0,"comment_status":"closed","ping_status":"closed","template":"full-width.php","meta":{"footnotes":""},"class_list":["post-2773","page","type-page","status-publish","hentry"],"yoast_head":"<!-- This site is optimized with the Yoast SEO plugin v27.1.1 - https:\/\/yoast.com\/product\/yoast-seo-wordpress\/ -->\n<title>Wir bieten individuelle und exklusive Ausfl\u00fcge ab Hurghada und Umgebung an.<\/title>\n<meta name=\"description\" content=\"Wir betreuen unsere G\u00e4ste schon vorab individuell per Email, WhatsApp oder Facebook. Wir sind davon \u00fcberzeugt, dass die Qualit\u00e4t und Menschlichkeit nicht vergessen werden darf. Und tun unser bestes, um den Urlaub in \u00c4gypten f\u00fcr unsere G\u00e4ste unvergesslich zu machen. Ausfl\u00fcge ab Hurghada und Umgebung, seit 1999.\" \/>\n<meta name=\"robots\" content=\"index, follow, max-snippet:-1, max-image-preview:large, max-video-preview:-1\" \/>\n<link rel=\"canonical\" href=\"http:\/\/simsim-reisen.de\/?page_id=2773\" \/>\n<meta property=\"og:locale\" content=\"de_DE\" \/>\n<meta property=\"og:type\" content=\"article\" \/>\n<meta property=\"og:title\" content=\"Wir bieten individuelle und exklusive Ausfl\u00fcge ab Hurghada und Umgebung an.\" \/>\n<meta property=\"og:description\" content=\"Wir betreuen unsere G\u00e4ste schon vorab individuell per Email, WhatsApp oder Facebook. Wir sind davon \u00fcberzeugt, dass die Qualit\u00e4t und Menschlichkeit nicht vergessen werden darf. Und tun unser bestes, um den Urlaub in \u00c4gypten f\u00fcr unsere G\u00e4ste unvergesslich zu machen. Ausfl\u00fcge ab Hurghada und Umgebung, seit 1999.\" \/>\n<meta property=\"og:url\" content=\"http:\/\/simsim-reisen.de\/?page_id=2773\" \/>\n<meta property=\"og:site_name\" content=\"SimSim Dive Safari &amp; Ausfl\u00fcge\" \/>\n<meta property=\"article:publisher\" content=\"https:\/\/www.facebook.com\/simsimreisen.de\/\" \/>\n<meta property=\"article:modified_time\" content=\"2022-03-16T08:39:13+00:00\" \/>\n<meta property=\"og:image\" content=\"http:\/\/simsim-reisen.de\/wp-content\/uploads\/2018\/04\/simsim-tauchtouren-aegypten-dark.png\" \/>\n<meta name=\"twitter:card\" content=\"summary_large_image\" \/>\n<meta name=\"twitter:label1\" content=\"Gesch\u00e4tzte Lesezeit\" \/>\n\t<meta name=\"twitter:data1\" content=\"4\u00a0Minuten\" \/>\n<script type=\"application\/ld+json\" class=\"yoast-schema-graph\">{\"@context\":\"https:\/\/schema.org\",\"@graph\":[{\"@type\":\"WebPage\",\"@id\":\"http:\/\/simsim-reisen.de\/?page_id=2773\",\"url\":\"http:\/\/simsim-reisen.de\/?page_id=2773\",\"name\":\"Wir bieten individuelle und exklusive Ausfl\u00fcge ab Hurghada und Umgebung an.\",\"isPartOf\":{\"@id\":\"http:\/\/simsim-reisen.de\/#website\"},\"primaryImageOfPage\":{\"@id\":\"http:\/\/simsim-reisen.de\/?page_id=2773#primaryimage\"},\"image\":{\"@id\":\"http:\/\/simsim-reisen.de\/?page_id=2773#primaryimage\"},\"thumbnailUrl\":\"http:\/\/simsim-reisen.de\/wp-content\/uploads\/2018\/04\/simsim-tauchtouren-aegypten-dark.png\",\"datePublished\":\"2018-04-01T00:42:37+00:00\",\"dateModified\":\"2022-03-16T08:39:13+00:00\",\"description\":\"Wir betreuen unsere G\u00e4ste schon vorab individuell per Email, WhatsApp oder Facebook. Wir sind davon \u00fcberzeugt, dass die Qualit\u00e4t und Menschlichkeit nicht vergessen werden darf. Und tun unser bestes, um den Urlaub in \u00c4gypten f\u00fcr unsere G\u00e4ste unvergesslich zu machen. Ausfl\u00fcge ab Hurghada und Umgebung, seit 1999.\",\"breadcrumb\":{\"@id\":\"http:\/\/simsim-reisen.de\/?page_id=2773#breadcrumb\"},\"inLanguage\":\"de\",\"potentialAction\":[{\"@type\":\"ReadAction\",\"target\":[\"http:\/\/simsim-reisen.de\/?page_id=2773\"]}]},{\"@type\":\"ImageObject\",\"inLanguage\":\"de\",\"@id\":\"http:\/\/simsim-reisen.de\/?page_id=2773#primaryimage\",\"url\":\"http:\/\/simsim-reisen.de\/wp-content\/uploads\/2018\/04\/simsim-tauchtouren-aegypten-dark.png\",\"contentUrl\":\"http:\/\/simsim-reisen.de\/wp-content\/uploads\/2018\/04\/simsim-tauchtouren-aegypten-dark.png\",\"width\":50,\"height\":61,\"caption\":\"\u00dcber uns\"},{\"@type\":\"BreadcrumbList\",\"@id\":\"http:\/\/simsim-reisen.de\/?page_id=2773#breadcrumb\",\"itemListElement\":[{\"@type\":\"ListItem\",\"position\":1,\"name\":\"Home\",\"item\":\"http:\/\/simsim-reisen.de\/\"},{\"@type\":\"ListItem\",\"position\":2,\"name\":\"\u00dcber uns\"}]},{\"@type\":\"WebSite\",\"@id\":\"http:\/\/simsim-reisen.de\/#website\",\"url\":\"http:\/\/simsim-reisen.de\/\",\"name\":\"SimSim Dive Safari & Ausfl\u00fcge\",\"description\":\"\",\"publisher\":{\"@id\":\"http:\/\/simsim-reisen.de\/#organization\"},\"potentialAction\":[{\"@type\":\"SearchAction\",\"target\":{\"@type\":\"EntryPoint\",\"urlTemplate\":\"http:\/\/simsim-reisen.de\/?s={search_term_string}\"},\"query-input\":{\"@type\":\"PropertyValueSpecification\",\"valueRequired\":true,\"valueName\":\"search_term_string\"}}],\"inLanguage\":\"de\"},{\"@type\":\"Organization\",\"@id\":\"http:\/\/simsim-reisen.de\/#organization\",\"name\":\"SimSim Dive Safari & Ausfl\u00fcge\",\"url\":\"http:\/\/simsim-reisen.de\/\",\"logo\":{\"@type\":\"ImageObject\",\"inLanguage\":\"de\",\"@id\":\"http:\/\/simsim-reisen.de\/#\/schema\/logo\/image\/\",\"url\":\"https:\/\/simsim-reisen.de\/wp-content\/uploads\/2018\/04\/simsim-tauchtouren-aegypten-dark.png\",\"contentUrl\":\"https:\/\/simsim-reisen.de\/wp-content\/uploads\/2018\/04\/simsim-tauchtouren-aegypten-dark.png\",\"width\":50,\"height\":61,\"caption\":\"SimSim Dive Safari & Ausfl\u00fcge\"},\"image\":{\"@id\":\"http:\/\/simsim-reisen.de\/#\/schema\/logo\/image\/\"},\"sameAs\":[\"https:\/\/www.facebook.com\/simsimreisen.de\/\"]}]}<\/script>\n<!-- \/ Yoast SEO plugin. -->","yoast_head_json":{"title":"Wir bieten individuelle und exklusive Ausfl\u00fcge ab Hurghada und Umgebung an.","description":"Wir betreuen unsere G\u00e4ste schon vorab individuell per Email, WhatsApp oder Facebook. Wir sind davon \u00fcberzeugt, dass die Qualit\u00e4t und Menschlichkeit nicht vergessen werden darf. Und tun unser bestes, um den Urlaub in \u00c4gypten f\u00fcr unsere G\u00e4ste unvergesslich zu machen. Ausfl\u00fcge ab Hurghada und Umgebung, seit 1999.","robots":{"index":"index","follow":"follow","max-snippet":"max-snippet:-1","max-image-preview":"max-image-preview:large","max-video-preview":"max-video-preview:-1"},"canonical":"http:\/\/simsim-reisen.de\/?page_id=2773","og_locale":"de_DE","og_type":"article","og_title":"Wir bieten individuelle und exklusive Ausfl\u00fcge ab Hurghada und Umgebung an.","og_description":"Wir betreuen unsere G\u00e4ste schon vorab individuell per Email, WhatsApp oder Facebook. Wir sind davon \u00fcberzeugt, dass die Qualit\u00e4t und Menschlichkeit nicht vergessen werden darf. Und tun unser bestes, um den Urlaub in \u00c4gypten f\u00fcr unsere G\u00e4ste unvergesslich zu machen. Ausfl\u00fcge ab Hurghada und Umgebung, seit 1999.","og_url":"http:\/\/simsim-reisen.de\/?page_id=2773","og_site_name":"SimSim Dive Safari &amp; Ausfl\u00fcge","article_publisher":"https:\/\/www.facebook.com\/simsimreisen.de\/","article_modified_time":"2022-03-16T08:39:13+00:00","og_image":[{"url":"http:\/\/simsim-reisen.de\/wp-content\/uploads\/2018\/04\/simsim-tauchtouren-aegypten-dark.png","type":"","width":"","height":""}],"twitter_card":"summary_large_image","twitter_misc":{"Gesch\u00e4tzte Lesezeit":"4\u00a0Minuten"},"schema":{"@context":"https:\/\/schema.org","@graph":[{"@type":"WebPage","@id":"http:\/\/simsim-reisen.de\/?page_id=2773","url":"http:\/\/simsim-reisen.de\/?page_id=2773","name":"Wir bieten individuelle und exklusive Ausfl\u00fcge ab Hurghada und Umgebung an.","isPartOf":{"@id":"http:\/\/simsim-reisen.de\/#website"},"primaryImageOfPage":{"@id":"http:\/\/simsim-reisen.de\/?page_id=2773#primaryimage"},"image":{"@id":"http:\/\/simsim-reisen.de\/?page_id=2773#primaryimage"},"thumbnailUrl":"http:\/\/simsim-reisen.de\/wp-content\/uploads\/2018\/04\/simsim-tauchtouren-aegypten-dark.png","datePublished":"2018-04-01T00:42:37+00:00","dateModified":"2022-03-16T08:39:13+00:00","description":"Wir betreuen unsere G\u00e4ste schon vorab individuell per Email, WhatsApp oder Facebook. Wir sind davon \u00fcberzeugt, dass die Qualit\u00e4t und Menschlichkeit nicht vergessen werden darf. Und tun unser bestes, um den Urlaub in \u00c4gypten f\u00fcr unsere G\u00e4ste unvergesslich zu machen. Ausfl\u00fcge ab Hurghada und Umgebung, seit 1999.","breadcrumb":{"@id":"http:\/\/simsim-reisen.de\/?page_id=2773#breadcrumb"},"inLanguage":"de","potentialAction":[{"@type":"ReadAction","target":["http:\/\/simsim-reisen.de\/?page_id=2773"]}]},{"@type":"ImageObject","inLanguage":"de","@id":"http:\/\/simsim-reisen.de\/?page_id=2773#primaryimage","url":"http:\/\/simsim-reisen.de\/wp-content\/uploads\/2018\/04\/simsim-tauchtouren-aegypten-dark.png","contentUrl":"http:\/\/simsim-reisen.de\/wp-content\/uploads\/2018\/04\/simsim-tauchtouren-aegypten-dark.png","width":50,"height":61,"caption":"\u00dcber uns"},{"@type":"BreadcrumbList","@id":"http:\/\/simsim-reisen.de\/?page_id=2773#breadcrumb","itemListElement":[{"@type":"ListItem","position":1,"name":"Home","item":"http:\/\/simsim-reisen.de\/"},{"@type":"ListItem","position":2,"name":"\u00dcber uns"}]},{"@type":"WebSite","@id":"http:\/\/simsim-reisen.de\/#website","url":"http:\/\/simsim-reisen.de\/","name":"SimSim Dive Safari & Ausfl\u00fcge","description":"","publisher":{"@id":"http:\/\/simsim-reisen.de\/#organization"},"potentialAction":[{"@type":"SearchAction","target":{"@type":"EntryPoint","urlTemplate":"http:\/\/simsim-reisen.de\/?s={search_term_string}"},"query-input":{"@type":"PropertyValueSpecification","valueRequired":true,"valueName":"search_term_string"}}],"inLanguage":"de"},{"@type":"Organization","@id":"http:\/\/simsim-reisen.de\/#organization","name":"SimSim Dive Safari & Ausfl\u00fcge","url":"http:\/\/simsim-reisen.de\/","logo":{"@type":"ImageObject","inLanguage":"de","@id":"http:\/\/simsim-reisen.de\/#\/schema\/logo\/image\/","url":"https:\/\/simsim-reisen.de\/wp-content\/uploads\/2018\/04\/simsim-tauchtouren-aegypten-dark.png","contentUrl":"https:\/\/simsim-reisen.de\/wp-content\/uploads\/2018\/04\/simsim-tauchtouren-aegypten-dark.png","width":50,"height":61,"caption":"SimSim Dive Safari & Ausfl\u00fcge"},"image":{"@id":"http:\/\/simsim-reisen.de\/#\/schema\/logo\/image\/"},"sameAs":["https:\/\/www.facebook.com\/simsimreisen.de\/"]}]}},"_links":{"self":[{"href":"http:\/\/simsim-reisen.de\/index.php?rest_route=\/wp\/v2\/pages\/2773","targetHints":{"allow":["GET"]}}],"collection":[{"href":"http:\/\/simsim-reisen.de\/index.php?rest_route=\/wp\/v2\/pages"}],"about":[{"href":"http:\/\/simsim-reisen.de\/index.php?rest_route=\/wp\/v2\/types\/page"}],"author":[{"embeddable":true,"href":"http:\/\/simsim-reisen.de\/index.php?rest_route=\/wp\/v2\/users\/1"}],"replies":[{"embeddable":true,"href":"http:\/\/simsim-reisen.de\/index.php?rest_route=%2Fwp%2Fv2%2Fcomments&post=2773"}],"version-history":[{"count":24,"href":"http:\/\/simsim-reisen.de\/index.php?rest_route=\/wp\/v2\/pages\/2773\/revisions"}],"predecessor-version":[{"id":3826,"href":"http:\/\/simsim-reisen.de\/index.php?rest_route=\/wp\/v2\/pages\/2773\/revisions\/3826"}],"wp:attachment":[{"href":"http:\/\/simsim-reisen.de\/index.php?rest_route=%2Fwp%2Fv2%2Fmedia&parent=2773"}],"curies":[{"name":"wp","href":"https:\/\/api.w.org\/{rel}","templated":true}]}}