{"id":2873,"date":"2018-04-02T15:40:33","date_gmt":"2018-04-02T15:40:33","guid":{"rendered":"https:\/\/simsim-reisen.de\/?page_id=2873"},"modified":"2018-05-19T09:09:28","modified_gmt":"2018-05-19T09:09:28","slug":"urlaubsvorbereitung","status":"publish","type":"page","link":"http:\/\/simsim-reisen.de\/?page_id=2873","title":{"rendered":"Urlaubsvorbereitung"},"content":{"rendered":"<p>[vc_row][vc_column offset=&#8220;vc_hidden-lg vc_hidden-md vc_hidden-sm vc_hidden-xs&#8220;][vc_column_text]Seit 2001 biete ich deutschsprechenden Urlaubern einen kostenlosen Info- und Vorbereitungsservice an. Alle G\u00e4ste, die demn\u00e4chst Ihren Urlaub in den oben genannten\u00a0Urlaubsvorbereitung Orten verbringen werden, stehe ich jederzeit per Email f\u00fcr folgende Fragen zur Verf\u00fcgung:<\/p>\n<ul>\n<li>Hotel (Alles \u00fcber Ihr Hotel)<\/li>\n<li>pers\u00f6nliche Empfehlung (Hotel, Ort)<\/li>\n<li>Ausfl\u00fcge<\/li>\n<li>Praktische Informationen<\/li>\n<li>\u00c4gypten allgemein<\/li>\n<\/ul>\n<p>Ohne jegliche Verpflichtungen von der Seite des\u00a0Urlaubsvorbereitung Gastes werden wir, so gut wie m\u00f6glich mit viel M\u00fche und auch Spa\u00df an der Arbeit, allgemeine Fragen aus den oben genannten Themenbereichen beantworten.<\/p>\n<p>Wenn Sie Fragen bez\u00fcglich Ihres Urlaubes\u00a0Urlaubsvorbereitung am Roten Meer haben, schreiben Sie mir einfach eine Email mit Ihren Fragen und pers\u00f6nlichen Daten (Name, Wohnort, Ankunft am\u00a0Urlaubsvorbereitung Roten Meer, wieviele Personen sie sind).<\/p>\n<p>Sobald ich Ihre Email erhalten\u00a0Urlaubsvorbereitung habe, wird sie von mir pers\u00f6nlich bearbeitet und beantwortet.<\/p>\n<p><a href=\"mailto:simsim@simsim-reisen.de?subject=Anfrage%20an%20SimSim%20Reisen\">E-Mail Senden an uns \u2026<\/a><\/p>\n<p>Sie erhalten die<\/p>\n<h2 class=\"qodef-page-title entry-title\">Urlaubsvorbereitung<\/h2>\n<p>R\u00fcckantwort in weniger als 3 Tagen. Schneller geht es\u00a0Urlaubsvorbereitung aufgrund der F\u00fclle an Anfragen leider nicht. Bitte haben Sie daf\u00fcr Verst\u00e4ndnis. Jede in meinem Postfach eingehende Email wird beantwortet\u00a0Urlaubsvorbereitung und pers\u00f6nlich und vertraut behandelt.<\/p>\n<p>Buchen Sie bei \u201cSimSim\u201d <img loading=\"lazy\" decoding=\"async\" class=\"alignnone size-thumbnail wp-image-3324\" src=\"http:\/\/simsim-reisen.de\/wp-content\/uploads\/2018\/03\/99678b3967de31462295d9bd10051077-150x150.jpg\" alt=\"Urlaubsvorbereitung\" width=\"150\" height=\"150\" srcset=\"http:\/\/simsim-reisen.de\/wp-content\/uploads\/2018\/03\/99678b3967de31462295d9bd10051077-150x150.jpg 150w, http:\/\/simsim-reisen.de\/wp-content\/uploads\/2018\/03\/99678b3967de31462295d9bd10051077-75x75.jpg 75w, http:\/\/simsim-reisen.de\/wp-content\/uploads\/2018\/03\/99678b3967de31462295d9bd10051077-550x550.jpg 550w, http:\/\/simsim-reisen.de\/wp-content\/uploads\/2018\/03\/99678b3967de31462295d9bd10051077-400x400.jpg 400w\" sizes=\"auto, (max-width: 150px) 100vw, 150px\" \/>\u00a0individuellen Ausfl\u00fcge <a href=\"https:\/\/simsim-reisen.de\/\">und<\/a> ersparen sie sich <a href=\"https:\/\/en.wikipedia.org\/wiki\/Hurghada\">einer<\/a> von vielen in der Ausflugsgruppe zu sein.<\/p>\n<p><b>Massentourismus? Nein Danke!<\/b>[\/vc_column_text][\/vc_column][\/vc_row][vc_row equal_height=&#8220;yes&#8220; content_placement=&#8220;middle&#8220; css=&#8220;.vc_custom_1522460138196{margin-top: 0px !important;padding-top: 0px !important;}&#8220;][vc_column offset=&#8220;vc_col-lg-6 vc_col-md-12&#8243; css=&#8220;.vc_custom_1522460262205{padding-top: 0px !important;padding-bottom: 0px !important;}&#8220;]<div class=\"qodef-elements-holder   qodef-one-column  qodef-responsive-mode-768 \" ><div class=\"qodef-eh-item     \"  data-item-class=\"qodef-eh-custom-5358\" data-1280-1600=\"2% 13% 0\" data-1024-1280=\"2% 12% 0\" data-768-1024=\"5% 5% 5% 5%\" data-680-768=\"5% 5% 5% 5%\" data-680=\"5% 5% 5% 5%\">\n\t<div class=\"qodef-eh-item-inner\">\n\t\t<div class=\"qodef-eh-item-content qodef-eh-custom-5358\" style=\"padding: 4% 15% 0 15%\">\n\t\t\t[vc_column_text]Seit 2001 biete ich deutschsprechenden Urlaubern einen kostenlosen Info- und Vorbereitungsservice an. Alle G\u00e4ste, die demn\u00e4chst Ihren Urlaub in den oben genannten Orten verbringen werden, stehe ich jederzeit per Email f\u00fcr folgende Fragen zur Verf\u00fcgung:<\/p>\n<ul>\n<li>Hotel (Alles \u00fcber Ihr Hotel)<\/li>\n<li>pers\u00f6nliche Empfehlung (Hotel, Ort)<\/li>\n<li>Ausfl\u00fcge<\/li>\n<li>Praktische Informationen<\/li>\n<li>\u00c4gypten allgemein<\/li>\n<\/ul>\n<p>Ohne jegliche Verpflichtungen von der Seite des Gastes werden wir, so gut wie m\u00f6glich mit viel M\u00fche und auch Spa\u00df an der Arbeit, allgemeine Fragen aus den oben genannten Themenbereichen beantworten.[\/vc_column_text]\t\t<\/div>\n\t<\/div>\n\t<\/div><\/div>[\/vc_column][vc_column css=&#8220;.vc_custom_1522941575070{margin-top: 0px !important;margin-right: 0px !important;margin-bottom: 0px !important;margin-left: 0px !important;padding-top: 0px !important;padding-right: 0px !important;padding-bottom: 0px !important;padding-left: 0px !important;background-image: url(http:\/\/simsim-reisen.de\/wp-content\/uploads\/2018\/03\/daa88da3-1fa8-3d05-9f6a-34531b90cb9c.jpg?id=3151) !important;background-position: center !important;background-repeat: no-repeat !important;background-size: cover !important;}&#8220; offset=&#8220;vc_col-lg-6 vc_col-md-12&#8243;][vc_empty_space height=&#8220;500px&#8220;][\/vc_column][\/vc_row][vc_row equal_height=&#8220;yes&#8220; content_placement=&#8220;middle&#8220; css=&#8220;.vc_custom_1522460138196{margin-top: 0px !important;padding-top: 0px !important;}&#8220;][vc_column css=&#8220;.vc_custom_1522941601387{margin-top: 0px !important;margin-right: 0px !important;margin-bottom: 0px !important;margin-left: 0px !important;padding-top: 0px !important;padding-right: 0px !important;padding-bottom: 0px !important;padding-left: 0px !important;background-image: url(http:\/\/simsim-reisen.de\/wp-content\/uploads\/2018\/03\/Luxor-tour-from-Safaga-Port.jpg?id=3137) !important;background-position: center !important;background-repeat: no-repeat !important;background-size: cover !important;}&#8220; offset=&#8220;vc_col-lg-6 vc_col-md-12&#8243;][vc_empty_space height=&#8220;500px&#8220;][\/vc_column][vc_column offset=&#8220;vc_col-lg-6 vc_col-md-12&#8243; css=&#8220;.vc_custom_1522460262205{padding-top: 0px !important;padding-bottom: 0px !important;}&#8220;]<div class=\"qodef-elements-holder   qodef-one-column  qodef-responsive-mode-768 \" ><div class=\"qodef-eh-item     \"  data-item-class=\"qodef-eh-custom-5682\" data-1280-1600=\"2% 13% 0\" data-1024-1280=\"2% 12% 0\" data-768-1024=\"5% 5% 5% 5%\" data-680-768=\"5% 5% 5% 5%\" data-680=\"5% 5% 5% 5%\">\n\t<div class=\"qodef-eh-item-inner\">\n\t\t<div class=\"qodef-eh-item-content qodef-eh-custom-5682\" style=\"padding: 4% 15% 0 15%\">\n\t\t\t[vc_column_text]Wenn Sie Fragen bez\u00fcglich Ihres Urlaubes am Roten Meer haben, schreiben Sie mir einfach eine Email mit Ihren Fragen und pers\u00f6nlichen Daten (Name, Wohnort, Ankunft am Roten Meer, wieviele Personen sie sind).<\/p>\n<p>Sobald ich Ihre Email erhalten habe, wird sie von mir pers\u00f6nlich bearbeitet und beantwortet.<\/p>\n<p><a href=\"mailto:simsim@simsim-reisen.de?subject=Anfrage%20an%20SimSim%20Reisen\">E-Mail Senden an uns &#8230;<\/a><\/p>\n<p>Sie erhalten die R\u00fcckantwort in weniger als 3 Tagen. Schneller geht es aufgrund der F\u00fclle an Anfragen leider nicht. Bitte haben Sie daf\u00fcr Verst\u00e4ndnis. Jede in meinem Postfach eingehende Email wird beantwortet und pers\u00f6nlich und vertraut behandelt.<\/p>\n<p>Buchen Sie bei &#8222;SimSim&#8220; Ihre individuellen Ausfl\u00fcge und ersparen sie sich einer von vielen in der Ausflugsgruppe zu sein.<\/p>\n<p><b>Massentourismus? Nein Danke!<\/b>[\/vc_column_text]\t\t<\/div>\n\t<\/div>\n\t<\/div><\/div>[\/vc_column][\/vc_row]<\/p>\n","protected":false},"excerpt":{"rendered":"<p>[vc_row][vc_column offset=&#8220;vc_hidden-lg vc_hidden-md vc_hidden-sm vc_hidden-xs&#8220;][vc_column_text]Seit 2001 biete ich deutschsprechenden Urlaubern einen kostenlosen Info- und Vorbereitungsservice an. Alle G\u00e4ste, die demn\u00e4chst Ihren Urlaub in den oben genannten\u00a0Urlaubsvorbereitung Orten verbringen werden, stehe ich jederzeit per Email f\u00fcr folgende Fragen zur Verf\u00fcgung: Hotel [&hellip;]<\/p>\n","protected":false},"author":1,"featured_media":0,"parent":0,"menu_order":0,"comment_status":"closed","ping_status":"closed","template":"full-width.php","meta":{"footnotes":""},"class_list":["post-2873","page","type-page","status-publish","hentry"],"yoast_head":"<!-- This site is optimized with the Yoast SEO plugin v27.1.1 - https:\/\/yoast.com\/product\/yoast-seo-wordpress\/ -->\n<title>Vorbereitungen f\u00fcr den \u00c4gypten Urlaub - in Hurghada. Ausflugsbuchung!<\/title>\n<meta name=\"description\" content=\"Seit 1999 bieten wir unseren G\u00e4sten einen kostenlosen Info- und Vorbereitungsservice, per Internet an. Alle G\u00e4ste, die demn\u00e4chst Ihren Urlaub in \u00c4gypten am Roten Meer\/ Hurghada und Umgebung verbringen werden, stehen wir jederzeit per E-Mail f\u00fcr folgende Fragen zu Verf\u00fcgung.\" \/>\n<meta name=\"robots\" content=\"index, follow, max-snippet:-1, max-image-preview:large, max-video-preview:-1\" \/>\n<link rel=\"canonical\" href=\"http:\/\/simsim-reisen.de\/?page_id=2873\" \/>\n<meta property=\"og:locale\" content=\"de_DE\" \/>\n<meta property=\"og:type\" content=\"article\" \/>\n<meta property=\"og:title\" content=\"Vorbereitungen f\u00fcr den \u00c4gypten Urlaub - in Hurghada. Ausflugsbuchung!\" \/>\n<meta property=\"og:description\" content=\"Seit 1999 bieten wir unseren G\u00e4sten einen kostenlosen Info- und Vorbereitungsservice, per Internet an. Alle G\u00e4ste, die demn\u00e4chst Ihren Urlaub in \u00c4gypten am Roten Meer\/ Hurghada und Umgebung verbringen werden, stehen wir jederzeit per E-Mail f\u00fcr folgende Fragen zu Verf\u00fcgung.\" \/>\n<meta property=\"og:url\" content=\"http:\/\/simsim-reisen.de\/?page_id=2873\" \/>\n<meta property=\"og:site_name\" content=\"SimSim Dive Safari &amp; Ausfl\u00fcge\" \/>\n<meta property=\"article:publisher\" content=\"https:\/\/www.facebook.com\/simsimreisen.de\/\" \/>\n<meta property=\"article:modified_time\" content=\"2018-05-19T09:09:28+00:00\" \/>\n<meta property=\"og:image\" content=\"http:\/\/simsim-reisen.de\/wp-content\/uploads\/2018\/03\/99678b3967de31462295d9bd10051077-150x150.jpg\" \/>\n<meta name=\"twitter:card\" content=\"summary_large_image\" \/>\n<meta name=\"twitter:label1\" content=\"Gesch\u00e4tzte Lesezeit\" \/>\n\t<meta name=\"twitter:data1\" content=\"4\u00a0Minuten\" \/>\n<script type=\"application\/ld+json\" class=\"yoast-schema-graph\">{\"@context\":\"https:\/\/schema.org\",\"@graph\":[{\"@type\":\"WebPage\",\"@id\":\"http:\/\/simsim-reisen.de\/?page_id=2873\",\"url\":\"http:\/\/simsim-reisen.de\/?page_id=2873\",\"name\":\"Vorbereitungen f\u00fcr den \u00c4gypten Urlaub - in Hurghada. Ausflugsbuchung!\",\"isPartOf\":{\"@id\":\"https:\/\/simsim-reisen.de\/#website\"},\"primaryImageOfPage\":{\"@id\":\"http:\/\/simsim-reisen.de\/?page_id=2873#primaryimage\"},\"image\":{\"@id\":\"http:\/\/simsim-reisen.de\/?page_id=2873#primaryimage\"},\"thumbnailUrl\":\"http:\/\/simsim-reisen.de\/wp-content\/uploads\/2018\/03\/99678b3967de31462295d9bd10051077-150x150.jpg\",\"datePublished\":\"2018-04-02T15:40:33+00:00\",\"dateModified\":\"2018-05-19T09:09:28+00:00\",\"description\":\"Seit 1999 bieten wir unseren G\u00e4sten einen kostenlosen Info- und Vorbereitungsservice, per Internet an. Alle G\u00e4ste, die demn\u00e4chst Ihren Urlaub in \u00c4gypten am Roten Meer\/ Hurghada und Umgebung verbringen werden, stehen wir jederzeit per E-Mail f\u00fcr folgende Fragen zu Verf\u00fcgung.\",\"breadcrumb\":{\"@id\":\"http:\/\/simsim-reisen.de\/?page_id=2873#breadcrumb\"},\"inLanguage\":\"de\",\"potentialAction\":[{\"@type\":\"ReadAction\",\"target\":[\"http:\/\/simsim-reisen.de\/?page_id=2873\"]}]},{\"@type\":\"ImageObject\",\"inLanguage\":\"de\",\"@id\":\"http:\/\/simsim-reisen.de\/?page_id=2873#primaryimage\",\"url\":\"http:\/\/simsim-reisen.de\/wp-content\/uploads\/2018\/03\/99678b3967de31462295d9bd10051077.jpg\",\"contentUrl\":\"http:\/\/simsim-reisen.de\/wp-content\/uploads\/2018\/03\/99678b3967de31462295d9bd10051077.jpg\",\"width\":1024,\"height\":768,\"caption\":\"Urlaubsvorbereitung\"},{\"@type\":\"BreadcrumbList\",\"@id\":\"http:\/\/simsim-reisen.de\/?page_id=2873#breadcrumb\",\"itemListElement\":[{\"@type\":\"ListItem\",\"position\":1,\"name\":\"Home\",\"item\":\"https:\/\/simsim-reisen.de\/\"},{\"@type\":\"ListItem\",\"position\":2,\"name\":\"Urlaubsvorbereitung\"}]},{\"@type\":\"WebSite\",\"@id\":\"https:\/\/simsim-reisen.de\/#website\",\"url\":\"https:\/\/simsim-reisen.de\/\",\"name\":\"SimSim Dive Safari & Ausfl\u00fcge\",\"description\":\"\",\"publisher\":{\"@id\":\"https:\/\/simsim-reisen.de\/#organization\"},\"potentialAction\":[{\"@type\":\"SearchAction\",\"target\":{\"@type\":\"EntryPoint\",\"urlTemplate\":\"https:\/\/simsim-reisen.de\/?s={search_term_string}\"},\"query-input\":{\"@type\":\"PropertyValueSpecification\",\"valueRequired\":true,\"valueName\":\"search_term_string\"}}],\"inLanguage\":\"de\"},{\"@type\":\"Organization\",\"@id\":\"https:\/\/simsim-reisen.de\/#organization\",\"name\":\"SimSim Dive Safari & Ausfl\u00fcge\",\"url\":\"https:\/\/simsim-reisen.de\/\",\"logo\":{\"@type\":\"ImageObject\",\"inLanguage\":\"de\",\"@id\":\"https:\/\/simsim-reisen.de\/#\/schema\/logo\/image\/\",\"url\":\"https:\/\/simsim-reisen.de\/wp-content\/uploads\/2018\/04\/simsim-tauchtouren-aegypten-dark.png\",\"contentUrl\":\"https:\/\/simsim-reisen.de\/wp-content\/uploads\/2018\/04\/simsim-tauchtouren-aegypten-dark.png\",\"width\":50,\"height\":61,\"caption\":\"SimSim Dive Safari & Ausfl\u00fcge\"},\"image\":{\"@id\":\"https:\/\/simsim-reisen.de\/#\/schema\/logo\/image\/\"},\"sameAs\":[\"https:\/\/www.facebook.com\/simsimreisen.de\/\"]}]}<\/script>\n<!-- \/ Yoast SEO plugin. -->","yoast_head_json":{"title":"Vorbereitungen f\u00fcr den \u00c4gypten Urlaub - in Hurghada. Ausflugsbuchung!","description":"Seit 1999 bieten wir unseren G\u00e4sten einen kostenlosen Info- und Vorbereitungsservice, per Internet an. Alle G\u00e4ste, die demn\u00e4chst Ihren Urlaub in \u00c4gypten am Roten Meer\/ Hurghada und Umgebung verbringen werden, stehen wir jederzeit per E-Mail f\u00fcr folgende Fragen zu Verf\u00fcgung.","robots":{"index":"index","follow":"follow","max-snippet":"max-snippet:-1","max-image-preview":"max-image-preview:large","max-video-preview":"max-video-preview:-1"},"canonical":"http:\/\/simsim-reisen.de\/?page_id=2873","og_locale":"de_DE","og_type":"article","og_title":"Vorbereitungen f\u00fcr den \u00c4gypten Urlaub - in Hurghada. Ausflugsbuchung!","og_description":"Seit 1999 bieten wir unseren G\u00e4sten einen kostenlosen Info- und Vorbereitungsservice, per Internet an. Alle G\u00e4ste, die demn\u00e4chst Ihren Urlaub in \u00c4gypten am Roten Meer\/ Hurghada und Umgebung verbringen werden, stehen wir jederzeit per E-Mail f\u00fcr folgende Fragen zu Verf\u00fcgung.","og_url":"http:\/\/simsim-reisen.de\/?page_id=2873","og_site_name":"SimSim Dive Safari &amp; Ausfl\u00fcge","article_publisher":"https:\/\/www.facebook.com\/simsimreisen.de\/","article_modified_time":"2018-05-19T09:09:28+00:00","og_image":[{"url":"http:\/\/simsim-reisen.de\/wp-content\/uploads\/2018\/03\/99678b3967de31462295d9bd10051077-150x150.jpg","type":"","width":"","height":""}],"twitter_card":"summary_large_image","twitter_misc":{"Gesch\u00e4tzte Lesezeit":"4\u00a0Minuten"},"schema":{"@context":"https:\/\/schema.org","@graph":[{"@type":"WebPage","@id":"http:\/\/simsim-reisen.de\/?page_id=2873","url":"http:\/\/simsim-reisen.de\/?page_id=2873","name":"Vorbereitungen f\u00fcr den \u00c4gypten Urlaub - in Hurghada. Ausflugsbuchung!","isPartOf":{"@id":"https:\/\/simsim-reisen.de\/#website"},"primaryImageOfPage":{"@id":"http:\/\/simsim-reisen.de\/?page_id=2873#primaryimage"},"image":{"@id":"http:\/\/simsim-reisen.de\/?page_id=2873#primaryimage"},"thumbnailUrl":"http:\/\/simsim-reisen.de\/wp-content\/uploads\/2018\/03\/99678b3967de31462295d9bd10051077-150x150.jpg","datePublished":"2018-04-02T15:40:33+00:00","dateModified":"2018-05-19T09:09:28+00:00","description":"Seit 1999 bieten wir unseren G\u00e4sten einen kostenlosen Info- und Vorbereitungsservice, per Internet an. Alle G\u00e4ste, die demn\u00e4chst Ihren Urlaub in \u00c4gypten am Roten Meer\/ Hurghada und Umgebung verbringen werden, stehen wir jederzeit per E-Mail f\u00fcr folgende Fragen zu Verf\u00fcgung.","breadcrumb":{"@id":"http:\/\/simsim-reisen.de\/?page_id=2873#breadcrumb"},"inLanguage":"de","potentialAction":[{"@type":"ReadAction","target":["http:\/\/simsim-reisen.de\/?page_id=2873"]}]},{"@type":"ImageObject","inLanguage":"de","@id":"http:\/\/simsim-reisen.de\/?page_id=2873#primaryimage","url":"http:\/\/simsim-reisen.de\/wp-content\/uploads\/2018\/03\/99678b3967de31462295d9bd10051077.jpg","contentUrl":"http:\/\/simsim-reisen.de\/wp-content\/uploads\/2018\/03\/99678b3967de31462295d9bd10051077.jpg","width":1024,"height":768,"caption":"Urlaubsvorbereitung"},{"@type":"BreadcrumbList","@id":"http:\/\/simsim-reisen.de\/?page_id=2873#breadcrumb","itemListElement":[{"@type":"ListItem","position":1,"name":"Home","item":"https:\/\/simsim-reisen.de\/"},{"@type":"ListItem","position":2,"name":"Urlaubsvorbereitung"}]},{"@type":"WebSite","@id":"https:\/\/simsim-reisen.de\/#website","url":"https:\/\/simsim-reisen.de\/","name":"SimSim Dive Safari & Ausfl\u00fcge","description":"","publisher":{"@id":"https:\/\/simsim-reisen.de\/#organization"},"potentialAction":[{"@type":"SearchAction","target":{"@type":"EntryPoint","urlTemplate":"https:\/\/simsim-reisen.de\/?s={search_term_string}"},"query-input":{"@type":"PropertyValueSpecification","valueRequired":true,"valueName":"search_term_string"}}],"inLanguage":"de"},{"@type":"Organization","@id":"https:\/\/simsim-reisen.de\/#organization","name":"SimSim Dive Safari & Ausfl\u00fcge","url":"https:\/\/simsim-reisen.de\/","logo":{"@type":"ImageObject","inLanguage":"de","@id":"https:\/\/simsim-reisen.de\/#\/schema\/logo\/image\/","url":"https:\/\/simsim-reisen.de\/wp-content\/uploads\/2018\/04\/simsim-tauchtouren-aegypten-dark.png","contentUrl":"https:\/\/simsim-reisen.de\/wp-content\/uploads\/2018\/04\/simsim-tauchtouren-aegypten-dark.png","width":50,"height":61,"caption":"SimSim Dive Safari & Ausfl\u00fcge"},"image":{"@id":"https:\/\/simsim-reisen.de\/#\/schema\/logo\/image\/"},"sameAs":["https:\/\/www.facebook.com\/simsimreisen.de\/"]}]}},"_links":{"self":[{"href":"http:\/\/simsim-reisen.de\/index.php?rest_route=\/wp\/v2\/pages\/2873","targetHints":{"allow":["GET"]}}],"collection":[{"href":"http:\/\/simsim-reisen.de\/index.php?rest_route=\/wp\/v2\/pages"}],"about":[{"href":"http:\/\/simsim-reisen.de\/index.php?rest_route=\/wp\/v2\/types\/page"}],"author":[{"embeddable":true,"href":"http:\/\/simsim-reisen.de\/index.php?rest_route=\/wp\/v2\/users\/1"}],"replies":[{"embeddable":true,"href":"http:\/\/simsim-reisen.de\/index.php?rest_route=%2Fwp%2Fv2%2Fcomments&post=2873"}],"version-history":[{"count":6,"href":"http:\/\/simsim-reisen.de\/index.php?rest_route=\/wp\/v2\/pages\/2873\/revisions"}],"predecessor-version":[{"id":3233,"href":"http:\/\/simsim-reisen.de\/index.php?rest_route=\/wp\/v2\/pages\/2873\/revisions\/3233"}],"wp:attachment":[{"href":"http:\/\/simsim-reisen.de\/index.php?rest_route=%2Fwp%2Fv2%2Fmedia&parent=2873"}],"curies":[{"name":"wp","href":"https:\/\/api.w.org\/{rel}","templated":true}]}}