{"id":2786,"date":"2018-04-01T14:00:17","date_gmt":"2018-04-01T14:00:17","guid":{"rendered":"https:\/\/simsim-reisen.de\/?page_id=2786"},"modified":"2023-03-24T21:38:33","modified_gmt":"2023-03-24T21:38:33","slug":"team","status":"publish","type":"page","link":"https:\/\/simsim-reisen.de\/?page_id=2786","title":{"rendered":"Team"},"content":{"rendered":"<p>[vc_row][vc_column offset=&#8220;vc_hidden-lg vc_hidden-md vc_hidden-sm vc_hidden-xs&#8220;][vc_column_text]<\/p>\n<div class=\"qodef-section-title-holder qodef-st-standard qodef-st-title-left qodef-st-normal-space qodef-st-disable-title-break \">\n<div class=\"qodef-st-inner\">\n<h2>team<\/h2>\n<p>Wir team betreuen unsere G\u00e4ste individuell, weil wir davon \u00fcberzeugt sind, dass die Qualit\u00e4t und Menschlichkeit an Priorit\u00e4t nicht verlieren darf. Massentourismus m\u00f6chten wir nicht anbieten, auch wenn man damit vielleicht mehr Geld verdienen k\u00f6nnte.<\/p>\n<p class=\"qodef-st-title\">wir stellen\u00a0<span class=\"qodef-st-title-bold\">uns<\/span>\u00a0<span class=\"qodef-st-title-bold\">vor,<\/span><\/p>\n<p class=\"qodef-st-title\"><span class=\"qodef-st-title-bold\">Holen<\/span>\u00a0Sie sich die<br \/>\nneuesten\u00a0<span class=\"qodef-st-title-bold\">Nachrichten<\/span>\u00a0<span class=\"qodef-st-title-bold\">und<\/span>\u00a0<span class=\"qodef-st-title-bold\">Angebote<\/span><\/p>\n<h5 class=\"qodef-st-text\">Sehen Sie sich die neuesten Nachrichten und Gutscheine an, die von unserem Expertenteam gepr\u00fcft wurden.<\/h5>\n<p class=\"qodef-st-title\"><span class=\"qodef-st-title-bold\">denn<\/span>\u00a0<span class=\"qodef-st-title-bold\">bilder<\/span>\u00a0und\u00a0team Wir betreuen unsere G\u00e4ste individuell, weil wir davon \u00fcberzeugt sind, dass die Qualit\u00e4t und Menschlichkeit an Priorit\u00e4t nicht verlieren darf. Massentourismus m\u00f6chten wir nicht anbieten, auch wenn man damit vielleicht mehr Geld verdienen k\u00f6nnte. gesichter sagen mehr als tausend ein wort!emails an unsere mitabeiter werden geme weitergeleitet.Ich hoffe Sie finden hier alle Informationen team die Sie ben\u00f6tigen, wenn Sie Fragen bez\u00fcglich der \u201cSimSim Reisen\u201d Ausfl\u00fcge, Fragen allgemein \u00fcber \u00c4gypten, Hurghada, Makadi Bay <a href=\"https:\/\/en.wikipedia.org\/wiki\/Hurghada\">usw<\/a>. haben dann w\u00fcrde ich <a href=\"https:\/\/simsim-reisen.de\/\">mich<\/a> sehr \u00fcber eine Email von Ihnen freuen, ich stehe Ihnen gerne jederzeit zur Verf\u00fcgung.<\/p>\n<p>Vielen Dank f\u00fcr Ihre Aufmerksamkeit und wir hoffen Sie bald als unsere G\u00e4ste am Roten Meer begr\u00fc\u00dfen zu d\u00fcrfen.<\/p>\n<p>Wir betreuen unsere G\u00e4ste individuell, weil wir davon \u00fcberzeugt sind, dass die Qualit\u00e4t und Menschlichkeit an Priorit\u00e4t nicht verlieren darf. Massentourismus m\u00f6chten wir nicht anbieten, auch wenn man damit vielleicht mehr Geld verdienen k\u00f6nnte.<\/p>\n<p>Wir betreuen unsere G\u00e4ste individuell, weil wir davon \u00fcberzeugt sind, dass die Qualit\u00e4t und Menschlichkeit an Priorit\u00e4t nicht verlieren darf. Massentourismus m\u00f6chten wir nicht anbieten, auch wenn man damit vielleicht mehr Geld verdienen k\u00f6nnte.<\/p>\n<p><strong>Ihr SimSim, Samir.<\/strong><\/p>\n<p><img loading=\"lazy\" decoding=\"async\" class=\"alignnone size-thumbnail wp-image-3438\" src=\"http:\/\/simsim-reisen.de\/wp-content\/uploads\/2017\/08\/PA120047_800x600-150x150.jpg\" alt=\"team\" width=\"150\" height=\"150\" srcset=\"https:\/\/simsim-reisen.de\/wp-content\/uploads\/2017\/08\/PA120047_800x600-150x150.jpg 150w, https:\/\/simsim-reisen.de\/wp-content\/uploads\/2017\/08\/PA120047_800x600-75x75.jpg 75w, https:\/\/simsim-reisen.de\/wp-content\/uploads\/2017\/08\/PA120047_800x600-550x550.jpg 550w, https:\/\/simsim-reisen.de\/wp-content\/uploads\/2017\/08\/PA120047_800x600-400x400.jpg 400w\" sizes=\"auto, (max-width: 150px) 100vw, 150px\" \/><\/p>\n<\/div>\n<\/div>\n<p>[\/vc_column_text][\/vc_column][\/vc_row][vc_row css=&#8220;.vc_custom_1504862340934{padding-bottom: 85px !important;}&#8220;][vc_column]<div class=\"qodef-elements-holder   qodef-one-column  qodef-responsive-mode-768 \" ><div class=\"qodef-eh-item     \"  data-item-class=\"qodef-eh-custom-4593\" data-1024-1280=\"0 42% 0 0\" data-768-1024=\"0 15% 0 0\" data-680-768=\"0 0\" data-680=\"0 0\">\n\t<div class=\"qodef-eh-item-inner\">\n\t\t<div class=\"qodef-eh-item-content qodef-eh-custom-4593\" >\n\t\t\t<div class=\"qodef-section-title-holder  qodef-st-standard qodef-st-title-left qodef-st-normal-space qodef-st-disable-title-break \" style=\"text-align: left\">\n\t<div class=\"qodef-st-inner\">\n\t\t\t\t\t<h2 class=\"qodef-st-title\" >\n\t\t\t\tWir stellen <span class=\"qodef-st-title-bold\">uns<\/span> <span class=\"qodef-st-title-bold\">vor<\/span><br \/> <span class=\"qodef-st-title-bold\">Bilder<\/span> <span class=\"qodef-st-title-bold\">sagen<\/span> mehr als tausend Worte!\t\t\t<\/h2>\n\t\t\t\t\t\t\t<h5 class=\"qodef-st-text\" >\n\t\t\t\tBilder folgen (24.03.2023)\t\t\t<\/h5>\n\t\t\t<\/div>\n<\/div>[vc_empty_space height=&#8220;75px&#8220;]\t\t<\/div>\n\t<\/div>\n\t<\/div><\/div>[\/vc_column][\/vc_row][vc_row][vc_column][vc_column_text]<div class='rt-container-fluid rt-team-container rt-pos-r rt-team-container-3819' id='rt-team-container-2505003965'  data-layout='layout1' data-desktop-col='3'  data-tab-col='2'  data-mobile-col='1' data-sc-id='3819' data-popup-bg=''><div data-title='Loading ...' class='rt-row rt-content-loader layout1 ttp-even ttp-pre-loader'><div class=\"rt-col-md-4 rt-col-sm-6 rt-col-xs-12  even-grid-item rt-grid-item\" data-id=\"2822\"><div class=\"single-team-area\"><div class=\"single-team\"><figure><img loading=\"lazy\" decoding=\"async\" width=\"225\" height=\"300\" src=\"https:\/\/simsim-reisen.de\/wp-content\/uploads\/2018\/04\/WhatsApp-Image-2024-05-28-at-14.30.53-225x300.jpeg\" class=\"img-responsive rt-team-img\" alt=\"Kapit\u00e4n Talib\" srcset=\"https:\/\/simsim-reisen.de\/wp-content\/uploads\/2018\/04\/WhatsApp-Image-2024-05-28-at-14.30.53-225x300.jpeg 225w, https:\/\/simsim-reisen.de\/wp-content\/uploads\/2018\/04\/WhatsApp-Image-2024-05-28-at-14.30.53-768x1024.jpeg 768w, https:\/\/simsim-reisen.de\/wp-content\/uploads\/2018\/04\/WhatsApp-Image-2024-05-28-at-14.30.53-1152x1536.jpeg 1152w, https:\/\/simsim-reisen.de\/wp-content\/uploads\/2018\/04\/WhatsApp-Image-2024-05-28-at-14.30.53-335x445.jpeg 335w, https:\/\/simsim-reisen.de\/wp-content\/uploads\/2018\/04\/WhatsApp-Image-2024-05-28-at-14.30.53.jpeg 1200w\" sizes=\"auto, (max-width: 225px) 100vw, 225px\" \/><\/figure><\/div><div class=\"tlp-content\"><h3><span class=\"team-name\">Kapit\u00e4n Talib<\/span><\/h3><\/div><\/div><\/div><div class=\"rt-col-md-4 rt-col-sm-6 rt-col-xs-12  even-grid-item rt-grid-item\" data-id=\"2821\"><div class=\"single-team-area\"><div class=\"single-team\"><figure><img loading=\"lazy\" decoding=\"async\" width=\"227\" height=\"300\" src=\"https:\/\/simsim-reisen.de\/wp-content\/uploads\/2018\/04\/WhatsApp-Image-2024-05-26-at-08.47.18-227x300.jpeg\" class=\"img-responsive rt-team-img\" alt=\"Guide Adnan\" srcset=\"https:\/\/simsim-reisen.de\/wp-content\/uploads\/2018\/04\/WhatsApp-Image-2024-05-26-at-08.47.18-227x300.jpeg 227w, https:\/\/simsim-reisen.de\/wp-content\/uploads\/2018\/04\/WhatsApp-Image-2024-05-26-at-08.47.18-774x1024.jpeg 774w, https:\/\/simsim-reisen.de\/wp-content\/uploads\/2018\/04\/WhatsApp-Image-2024-05-26-at-08.47.18-768x1016.jpeg 768w, https:\/\/simsim-reisen.de\/wp-content\/uploads\/2018\/04\/WhatsApp-Image-2024-05-26-at-08.47.18.jpeg 810w\" sizes=\"auto, (max-width: 227px) 100vw, 227px\" \/><\/figure><\/div><div class=\"tlp-content\"><h3><span class=\"team-name\">Guide Adnan<\/span><\/h3><\/div><\/div><\/div><div class=\"rt-col-md-4 rt-col-sm-6 rt-col-xs-12  even-grid-item rt-grid-item\" data-id=\"2820\"><div class=\"single-team-area\"><div class=\"single-team\"><figure><img loading=\"lazy\" decoding=\"async\" width=\"289\" height=\"300\" src=\"https:\/\/simsim-reisen.de\/wp-content\/uploads\/2018\/04\/WhatsApp-Image-2024-05-31-at-16.52.21-289x300.jpeg\" class=\"img-responsive rt-team-img\" alt=\"Guide Ahmed\" srcset=\"https:\/\/simsim-reisen.de\/wp-content\/uploads\/2018\/04\/WhatsApp-Image-2024-05-31-at-16.52.21-289x300.jpeg 289w, https:\/\/simsim-reisen.de\/wp-content\/uploads\/2018\/04\/WhatsApp-Image-2024-05-31-at-16.52.21.jpeg 687w\" sizes=\"auto, (max-width: 289px) 100vw, 289px\" \/><\/figure><\/div><div class=\"tlp-content\"><h3><span class=\"team-name\">Guide Ahmed<\/span><\/h3><\/div><\/div><\/div><div class=\"rt-col-md-4 rt-col-sm-6 rt-col-xs-12  even-grid-item rt-grid-item\" data-id=\"2819\"><div class=\"single-team-area\"><div class=\"single-team\"><figure><img loading=\"lazy\" decoding=\"async\" width=\"300\" height=\"300\" src=\"https:\/\/simsim-reisen.de\/wp-content\/uploads\/2018\/04\/fb_profile.jpg\" class=\"img-responsive rt-team-img\" alt=\"Abdala\" srcset=\"https:\/\/simsim-reisen.de\/wp-content\/uploads\/2018\/04\/fb_profile.jpg 300w, https:\/\/simsim-reisen.de\/wp-content\/uploads\/2018\/04\/fb_profile-150x150.jpg 150w\" sizes=\"auto, (max-width: 300px) 100vw, 300px\" \/><\/figure><\/div><div class=\"tlp-content\"><h3><span class=\"team-name\">Abdala<\/span><\/h3><\/div><div class=\"short-bio\"><p>Tauchlehrer\/ Divemaster und Guide<\/p>\n<\/div><\/div><\/div><div class=\"rt-col-md-4 rt-col-sm-6 rt-col-xs-12  even-grid-item rt-grid-item\" data-id=\"2818\"><div class=\"single-team-area\"><div class=\"single-team\"><figure><img loading=\"lazy\" decoding=\"async\" width=\"300\" height=\"300\" src=\"https:\/\/simsim-reisen.de\/wp-content\/uploads\/2018\/04\/fb_profile.jpg\" class=\"img-responsive rt-team-img\" alt=\"Karim\" srcset=\"https:\/\/simsim-reisen.de\/wp-content\/uploads\/2018\/04\/fb_profile.jpg 300w, https:\/\/simsim-reisen.de\/wp-content\/uploads\/2018\/04\/fb_profile-150x150.jpg 150w\" sizes=\"auto, (max-width: 300px) 100vw, 300px\" \/><\/figure><\/div><div class=\"tlp-content\"><h3><span class=\"team-name\">Karim<\/span><\/h3><\/div><div class=\"short-bio\"><p>Manager\/ Tauchlehrer\/ Divemaster\/ Guide<\/p>\n<\/div><\/div><\/div><div class=\"rt-col-md-4 rt-col-sm-6 rt-col-xs-12  even-grid-item rt-grid-item\" data-id=\"2817\"><div class=\"single-team-area\"><div class=\"single-team\"><figure><img loading=\"lazy\" decoding=\"async\" width=\"300\" height=\"300\" src=\"https:\/\/simsim-reisen.de\/wp-content\/uploads\/2018\/04\/fb_profile.jpg\" class=\"img-responsive rt-team-img\" alt=\"Nadi\" srcset=\"https:\/\/simsim-reisen.de\/wp-content\/uploads\/2018\/04\/fb_profile.jpg 300w, https:\/\/simsim-reisen.de\/wp-content\/uploads\/2018\/04\/fb_profile-150x150.jpg 150w\" sizes=\"auto, (max-width: 300px) 100vw, 300px\" \/><\/figure><\/div><div class=\"tlp-content\"><h3><span class=\"team-name\">Nadi<\/span><\/h3><\/div><div class=\"short-bio\"><p>Lizensierter Schnorchel-Guide<\/p>\n<\/div><\/div><\/div><div class=\"rt-col-md-4 rt-col-sm-6 rt-col-xs-12  even-grid-item rt-grid-item\" data-id=\"2816\"><div class=\"single-team-area\"><div class=\"single-team\"><figure><img loading=\"lazy\" decoding=\"async\" width=\"300\" height=\"300\" src=\"https:\/\/simsim-reisen.de\/wp-content\/uploads\/2018\/04\/fb_profile.jpg\" class=\"img-responsive rt-team-img\" alt=\"Mohamed\" srcset=\"https:\/\/simsim-reisen.de\/wp-content\/uploads\/2018\/04\/fb_profile.jpg 300w, https:\/\/simsim-reisen.de\/wp-content\/uploads\/2018\/04\/fb_profile-150x150.jpg 150w\" sizes=\"auto, (max-width: 300px) 100vw, 300px\" \/><\/figure><\/div><div class=\"tlp-content\"><h3><span class=\"team-name\">Mohamed<\/span><\/h3><\/div><div class=\"short-bio\"><p>Lizensierter Schnorchel-Guide<\/p>\n<\/div><\/div><\/div><div class=\"rt-col-md-4 rt-col-sm-6 rt-col-xs-12  even-grid-item rt-grid-item\" data-id=\"2805\"><div class=\"single-team-area\"><div class=\"single-team\"><figure><img loading=\"lazy\" decoding=\"async\" width=\"300\" height=\"300\" src=\"https:\/\/simsim-reisen.de\/wp-content\/uploads\/2018\/04\/CUTE-GIRL-HAIR-FB-DP-1.jpg\" class=\"img-responsive rt-team-img\" alt=\"Hossam\" srcset=\"https:\/\/simsim-reisen.de\/wp-content\/uploads\/2018\/04\/CUTE-GIRL-HAIR-FB-DP-1.jpg 300w, https:\/\/simsim-reisen.de\/wp-content\/uploads\/2018\/04\/CUTE-GIRL-HAIR-FB-DP-1-150x150.jpg 150w\" sizes=\"auto, (max-width: 300px) 100vw, 300px\" \/><\/figure><\/div><div class=\"tlp-content\"><h3><span class=\"team-name\">Hossam<\/span><\/h3><\/div><div class=\"short-bio\"><p>Lizensierter Schnorchel-Guide<\/p>\n<\/div><\/div><\/div><div class=\"rt-loading-overlay\"><\/div><div class=\"rt-loading rt-ball-clip-rotate\"><div><\/div><\/div><\/div><\/div>[\/vc_column_text][\/vc_column][\/vc_row]<\/p>\n","protected":false},"excerpt":{"rendered":"<p>[vc_row][vc_column offset=&#8220;vc_hidden-lg vc_hidden-md vc_hidden-sm vc_hidden-xs&#8220;][vc_column_text] team Wir team betreuen unsere G\u00e4ste individuell, weil wir davon \u00fcberzeugt sind, dass die Qualit\u00e4t und Menschlichkeit an Priorit\u00e4t nicht verlieren darf. Massentourismus m\u00f6chten wir nicht anbieten, auch wenn man damit vielleicht mehr Geld verdienen [&hellip;]<\/p>\n","protected":false},"author":1,"featured_media":0,"parent":0,"menu_order":0,"comment_status":"closed","ping_status":"closed","template":"","meta":{"footnotes":""},"class_list":["post-2786","page","type-page","status-publish","hentry"],"yoast_head":"<!-- This site is optimized with the Yoast SEO plugin v27.1.1 - https:\/\/yoast.com\/product\/yoast-seo-wordpress\/ -->\n<title>Wir machen Ihren Urlaub zu etwas ganz Besonderes. \u00c4gypten - Hurghada!<\/title>\n<meta name=\"description\" content=\"Unser Team wurde sorgf\u00e4ltig ausgew\u00e4hlt. Wir sind ein professionelles und Team. Ihre Arbeit macht Sie gl\u00fccklich und sicher, um Ihre Reise zu genie\u00dfen. Sie sind bereit, Ihre Fragen zu beantworten und Ihnen zu helfen, das Beste von allem w\u00e4hrend Ihres Besuches zu w\u00e4hle\" \/>\n<meta name=\"robots\" content=\"index, follow, max-snippet:-1, max-image-preview:large, max-video-preview:-1\" \/>\n<link rel=\"canonical\" href=\"http:\/\/simsim-reisen.de\/?page_id=2786\" \/>\n<meta property=\"og:locale\" content=\"de_DE\" \/>\n<meta property=\"og:type\" content=\"article\" \/>\n<meta property=\"og:title\" content=\"Wir machen Ihren Urlaub zu etwas ganz Besonderes. \u00c4gypten - Hurghada!\" \/>\n<meta property=\"og:description\" content=\"Unser Team wurde sorgf\u00e4ltig ausgew\u00e4hlt. Wir sind ein professionelles und Team. Ihre Arbeit macht Sie gl\u00fccklich und sicher, um Ihre Reise zu genie\u00dfen. Sie sind bereit, Ihre Fragen zu beantworten und Ihnen zu helfen, das Beste von allem w\u00e4hrend Ihres Besuches zu w\u00e4hle\" \/>\n<meta property=\"og:url\" content=\"http:\/\/simsim-reisen.de\/?page_id=2786\" \/>\n<meta property=\"og:site_name\" content=\"SimSim Dive Safari &amp; Ausfl\u00fcge\" \/>\n<meta property=\"article:publisher\" content=\"https:\/\/www.facebook.com\/simsimreisen.de\/\" \/>\n<meta property=\"article:modified_time\" content=\"2023-03-24T21:38:33+00:00\" \/>\n<meta property=\"og:image\" content=\"http:\/\/simsim-reisen.de\/wp-content\/uploads\/2017\/08\/PA120047_800x600-150x150.jpg\" \/>\n<meta name=\"twitter:card\" content=\"summary_large_image\" \/>\n<meta name=\"twitter:label1\" content=\"Gesch\u00e4tzte Lesezeit\" \/>\n\t<meta name=\"twitter:data1\" content=\"2\u00a0Minuten\" \/>\n<script type=\"application\/ld+json\" class=\"yoast-schema-graph\">{\"@context\":\"https:\/\/schema.org\",\"@graph\":[{\"@type\":\"WebPage\",\"@id\":\"http:\/\/simsim-reisen.de\/?page_id=2786\",\"url\":\"http:\/\/simsim-reisen.de\/?page_id=2786\",\"name\":\"Wir machen Ihren Urlaub zu etwas ganz Besonderes. \u00c4gypten - Hurghada!\",\"isPartOf\":{\"@id\":\"https:\/\/simsim-reisen.de\/#website\"},\"primaryImageOfPage\":{\"@id\":\"http:\/\/simsim-reisen.de\/?page_id=2786#primaryimage\"},\"image\":{\"@id\":\"http:\/\/simsim-reisen.de\/?page_id=2786#primaryimage\"},\"thumbnailUrl\":\"http:\/\/simsim-reisen.de\/wp-content\/uploads\/2017\/08\/PA120047_800x600-150x150.jpg\",\"datePublished\":\"2018-04-01T14:00:17+00:00\",\"dateModified\":\"2023-03-24T21:38:33+00:00\",\"description\":\"Unser Team wurde sorgf\u00e4ltig ausgew\u00e4hlt. Wir sind ein professionelles und Team. Ihre Arbeit macht Sie gl\u00fccklich und sicher, um Ihre Reise zu genie\u00dfen. Sie sind bereit, Ihre Fragen zu beantworten und Ihnen zu helfen, das Beste von allem w\u00e4hrend Ihres Besuches zu w\u00e4hle\",\"breadcrumb\":{\"@id\":\"http:\/\/simsim-reisen.de\/?page_id=2786#breadcrumb\"},\"inLanguage\":\"de\",\"potentialAction\":[{\"@type\":\"ReadAction\",\"target\":[\"http:\/\/simsim-reisen.de\/?page_id=2786\"]}]},{\"@type\":\"ImageObject\",\"inLanguage\":\"de\",\"@id\":\"http:\/\/simsim-reisen.de\/?page_id=2786#primaryimage\",\"url\":\"https:\/\/simsim-reisen.de\/wp-content\/uploads\/2017\/08\/PA120047_800x600.jpg\",\"contentUrl\":\"https:\/\/simsim-reisen.de\/wp-content\/uploads\/2017\/08\/PA120047_800x600.jpg\",\"width\":800,\"height\":600,\"caption\":\"team\"},{\"@type\":\"BreadcrumbList\",\"@id\":\"http:\/\/simsim-reisen.de\/?page_id=2786#breadcrumb\",\"itemListElement\":[{\"@type\":\"ListItem\",\"position\":1,\"name\":\"Home\",\"item\":\"https:\/\/simsim-reisen.de\/\"},{\"@type\":\"ListItem\",\"position\":2,\"name\":\"Team\"}]},{\"@type\":\"WebSite\",\"@id\":\"https:\/\/simsim-reisen.de\/#website\",\"url\":\"https:\/\/simsim-reisen.de\/\",\"name\":\"SimSim Dive Safari & Ausfl\u00fcge\",\"description\":\"\",\"publisher\":{\"@id\":\"https:\/\/simsim-reisen.de\/#organization\"},\"potentialAction\":[{\"@type\":\"SearchAction\",\"target\":{\"@type\":\"EntryPoint\",\"urlTemplate\":\"https:\/\/simsim-reisen.de\/?s={search_term_string}\"},\"query-input\":{\"@type\":\"PropertyValueSpecification\",\"valueRequired\":true,\"valueName\":\"search_term_string\"}}],\"inLanguage\":\"de\"},{\"@type\":\"Organization\",\"@id\":\"https:\/\/simsim-reisen.de\/#organization\",\"name\":\"SimSim Dive Safari & Ausfl\u00fcge\",\"url\":\"https:\/\/simsim-reisen.de\/\",\"logo\":{\"@type\":\"ImageObject\",\"inLanguage\":\"de\",\"@id\":\"https:\/\/simsim-reisen.de\/#\/schema\/logo\/image\/\",\"url\":\"https:\/\/simsim-reisen.de\/wp-content\/uploads\/2018\/04\/simsim-tauchtouren-aegypten-dark.png\",\"contentUrl\":\"https:\/\/simsim-reisen.de\/wp-content\/uploads\/2018\/04\/simsim-tauchtouren-aegypten-dark.png\",\"width\":50,\"height\":61,\"caption\":\"SimSim Dive Safari & Ausfl\u00fcge\"},\"image\":{\"@id\":\"https:\/\/simsim-reisen.de\/#\/schema\/logo\/image\/\"},\"sameAs\":[\"https:\/\/www.facebook.com\/simsimreisen.de\/\"]}]}<\/script>\n<!-- \/ Yoast SEO plugin. -->","yoast_head_json":{"title":"Wir machen Ihren Urlaub zu etwas ganz Besonderes. \u00c4gypten - Hurghada!","description":"Unser Team wurde sorgf\u00e4ltig ausgew\u00e4hlt. Wir sind ein professionelles und Team. Ihre Arbeit macht Sie gl\u00fccklich und sicher, um Ihre Reise zu genie\u00dfen. Sie sind bereit, Ihre Fragen zu beantworten und Ihnen zu helfen, das Beste von allem w\u00e4hrend Ihres Besuches zu w\u00e4hle","robots":{"index":"index","follow":"follow","max-snippet":"max-snippet:-1","max-image-preview":"max-image-preview:large","max-video-preview":"max-video-preview:-1"},"canonical":"http:\/\/simsim-reisen.de\/?page_id=2786","og_locale":"de_DE","og_type":"article","og_title":"Wir machen Ihren Urlaub zu etwas ganz Besonderes. \u00c4gypten - Hurghada!","og_description":"Unser Team wurde sorgf\u00e4ltig ausgew\u00e4hlt. Wir sind ein professionelles und Team. Ihre Arbeit macht Sie gl\u00fccklich und sicher, um Ihre Reise zu genie\u00dfen. Sie sind bereit, Ihre Fragen zu beantworten und Ihnen zu helfen, das Beste von allem w\u00e4hrend Ihres Besuches zu w\u00e4hle","og_url":"http:\/\/simsim-reisen.de\/?page_id=2786","og_site_name":"SimSim Dive Safari &amp; Ausfl\u00fcge","article_publisher":"https:\/\/www.facebook.com\/simsimreisen.de\/","article_modified_time":"2023-03-24T21:38:33+00:00","og_image":[{"url":"http:\/\/simsim-reisen.de\/wp-content\/uploads\/2017\/08\/PA120047_800x600-150x150.jpg","type":"","width":"","height":""}],"twitter_card":"summary_large_image","twitter_misc":{"Gesch\u00e4tzte Lesezeit":"2\u00a0Minuten"},"schema":{"@context":"https:\/\/schema.org","@graph":[{"@type":"WebPage","@id":"http:\/\/simsim-reisen.de\/?page_id=2786","url":"http:\/\/simsim-reisen.de\/?page_id=2786","name":"Wir machen Ihren Urlaub zu etwas ganz Besonderes. \u00c4gypten - Hurghada!","isPartOf":{"@id":"https:\/\/simsim-reisen.de\/#website"},"primaryImageOfPage":{"@id":"http:\/\/simsim-reisen.de\/?page_id=2786#primaryimage"},"image":{"@id":"http:\/\/simsim-reisen.de\/?page_id=2786#primaryimage"},"thumbnailUrl":"http:\/\/simsim-reisen.de\/wp-content\/uploads\/2017\/08\/PA120047_800x600-150x150.jpg","datePublished":"2018-04-01T14:00:17+00:00","dateModified":"2023-03-24T21:38:33+00:00","description":"Unser Team wurde sorgf\u00e4ltig ausgew\u00e4hlt. Wir sind ein professionelles und Team. Ihre Arbeit macht Sie gl\u00fccklich und sicher, um Ihre Reise zu genie\u00dfen. Sie sind bereit, Ihre Fragen zu beantworten und Ihnen zu helfen, das Beste von allem w\u00e4hrend Ihres Besuches zu w\u00e4hle","breadcrumb":{"@id":"http:\/\/simsim-reisen.de\/?page_id=2786#breadcrumb"},"inLanguage":"de","potentialAction":[{"@type":"ReadAction","target":["http:\/\/simsim-reisen.de\/?page_id=2786"]}]},{"@type":"ImageObject","inLanguage":"de","@id":"http:\/\/simsim-reisen.de\/?page_id=2786#primaryimage","url":"https:\/\/simsim-reisen.de\/wp-content\/uploads\/2017\/08\/PA120047_800x600.jpg","contentUrl":"https:\/\/simsim-reisen.de\/wp-content\/uploads\/2017\/08\/PA120047_800x600.jpg","width":800,"height":600,"caption":"team"},{"@type":"BreadcrumbList","@id":"http:\/\/simsim-reisen.de\/?page_id=2786#breadcrumb","itemListElement":[{"@type":"ListItem","position":1,"name":"Home","item":"https:\/\/simsim-reisen.de\/"},{"@type":"ListItem","position":2,"name":"Team"}]},{"@type":"WebSite","@id":"https:\/\/simsim-reisen.de\/#website","url":"https:\/\/simsim-reisen.de\/","name":"SimSim Dive Safari & Ausfl\u00fcge","description":"","publisher":{"@id":"https:\/\/simsim-reisen.de\/#organization"},"potentialAction":[{"@type":"SearchAction","target":{"@type":"EntryPoint","urlTemplate":"https:\/\/simsim-reisen.de\/?s={search_term_string}"},"query-input":{"@type":"PropertyValueSpecification","valueRequired":true,"valueName":"search_term_string"}}],"inLanguage":"de"},{"@type":"Organization","@id":"https:\/\/simsim-reisen.de\/#organization","name":"SimSim Dive Safari & Ausfl\u00fcge","url":"https:\/\/simsim-reisen.de\/","logo":{"@type":"ImageObject","inLanguage":"de","@id":"https:\/\/simsim-reisen.de\/#\/schema\/logo\/image\/","url":"https:\/\/simsim-reisen.de\/wp-content\/uploads\/2018\/04\/simsim-tauchtouren-aegypten-dark.png","contentUrl":"https:\/\/simsim-reisen.de\/wp-content\/uploads\/2018\/04\/simsim-tauchtouren-aegypten-dark.png","width":50,"height":61,"caption":"SimSim Dive Safari & Ausfl\u00fcge"},"image":{"@id":"https:\/\/simsim-reisen.de\/#\/schema\/logo\/image\/"},"sameAs":["https:\/\/www.facebook.com\/simsimreisen.de\/"]}]}},"_links":{"self":[{"href":"https:\/\/simsim-reisen.de\/index.php?rest_route=\/wp\/v2\/pages\/2786","targetHints":{"allow":["GET"]}}],"collection":[{"href":"https:\/\/simsim-reisen.de\/index.php?rest_route=\/wp\/v2\/pages"}],"about":[{"href":"https:\/\/simsim-reisen.de\/index.php?rest_route=\/wp\/v2\/types\/page"}],"author":[{"embeddable":true,"href":"https:\/\/simsim-reisen.de\/index.php?rest_route=\/wp\/v2\/users\/1"}],"replies":[{"embeddable":true,"href":"https:\/\/simsim-reisen.de\/index.php?rest_route=%2Fwp%2Fv2%2Fcomments&post=2786"}],"version-history":[{"count":23,"href":"https:\/\/simsim-reisen.de\/index.php?rest_route=\/wp\/v2\/pages\/2786\/revisions"}],"predecessor-version":[{"id":4605,"href":"https:\/\/simsim-reisen.de\/index.php?rest_route=\/wp\/v2\/pages\/2786\/revisions\/4605"}],"wp:attachment":[{"href":"https:\/\/simsim-reisen.de\/index.php?rest_route=%2Fwp%2Fv2%2Fmedia&parent=2786"}],"curies":[{"name":"wp","href":"https:\/\/api.w.org\/{rel}","templated":true}]}}