{"id":2875,"date":"2018-04-02T15:42:57","date_gmt":"2018-04-02T15:42:57","guid":{"rendered":"https:\/\/simsim-reisen.de\/?page_id=2875"},"modified":"2022-06-14T05:36:56","modified_gmt":"2022-06-14T05:36:56","slug":"ausflug-buchen","status":"publish","type":"page","link":"https:\/\/simsim-reisen.de\/?page_id=2875","title":{"rendered":"Wie kann man einen Ausflug buchen?"},"content":{"rendered":"<p>[vc_row][vc_column offset=&#8220;vc_hidden-lg vc_hidden-md vc_hidden-sm vc_hidden-xs&#8220;][vc_column_text]<\/p>\n<div class=\"vc_row wpb_row vc_row-fluid vc_custom_1522460138196 vc_row-o-equal-height vc_row-o-content-middle vc_row-flex\">\n<div class=\"wpb_column vc_column_container vc_col-sm-12 vc_col-lg-6 vc_col-md-12\">\n<div class=\"vc_column-inner vc_custom_1522460262205\">\n<div class=\"wpb_wrapper\">\n<div class=\"qodef-elements-holder qodef-one-column qodef-responsive-mode-768 \">\n<div class=\"qodef-eh-item \" data-item-class=\"qodef-eh-custom-8539\" data-1280-1600=\"2% 13% 0\" data-1024-1280=\"2% 12% 0\" data-768-1024=\"5% 5% 5% 5%\" data-680-768=\"5% 5% 5% 5%\" data-680=\"5% 5% 5% 5%\">\n<div class=\"qodef-eh-item-inner\">\n<div class=\"qodef-eh-item-content qodef-eh-custom-8539\">\n<div class=\"wpb_text_column wpb_content_element \">\n<div class=\"wpb_wrapper\">\n<p><a href=\"mailto:simsim@simsim-reisen.de?subject=Anfrage%20an%20SimSim%20Reisen\">E-Mail Senden an uns \u2026<\/a><\/p>\n<p>simsim(@)simsim-reisen.de<\/p>\n<p>Tags\u00fcber WhatsApp: Montag bis Freitag zwischen 09:00 Uhr bis 17:00 Uhr<\/p>\n<p>+49 178 527 6143<\/p>\n<p>Abends WhatsApp: Montag bis Freitag zwischen 17:00 Uhr bis 09:00 Uhr, sowie Samstag und Sonntag 24 Stunden<\/p>\n<p>+49 176 830 26673<br \/>\n(auch Notfall Nummer)<\/p>\n<\/div>\n<\/div>\n<\/div>\n<\/div>\n<\/div>\n<\/div>\n<\/div>\n<\/div>\n<\/div>\n<\/div>\n<div class=\"vc_row wpb_row vc_row-fluid vc_custom_1522460138196 vc_row-o-equal-height vc_row-o-content-middle vc_row-flex\">\n<div class=\"wpb_column vc_column_container vc_col-sm-12 vc_col-lg-6 vc_col-md-12\">\n<div class=\"vc_column-inner vc_custom_1522460262205\">\n<div class=\"wpb_wrapper\">\n<div class=\"qodef-elements-holder qodef-one-column qodef-responsive-mode-768 \">\n<div class=\"qodef-eh-item \" data-item-class=\"qodef-eh-custom-5913\" data-1280-1600=\"2% 13% 0\" data-1024-1280=\"2% 12% 0\" data-768-1024=\"5% 5% 5% 5%\" data-680-768=\"5% 5% 5% 5%\" data-680=\"5% 5% 5% 5%\">\n<div class=\"qodef-eh-item-inner\">\n<div class=\"qodef-eh-item-content qodef-eh-custom-5913\">\n<div class=\"wpb_text_column wpb_content_element \">\n<div class=\"wpb_wrapper\">\n<p>Wir freuen uns, Sie <a href=\"https:\/\/simsim-reisen.de\/\">bald<\/a> am Roten Meer in \u00c4gypten begr\u00fc\u00dfen zu d\u00fcrfen und w\u00fcnschen Ihnen bis dahin alles Gute!<\/p>\n<p>SimSim und Team<\/p>\n<p><img loading=\"lazy\" decoding=\"async\" class=\"alignnone size-thumbnail wp-image-3311\" src=\"http:\/\/simsim-reisen.de\/wp-content\/uploads\/2018\/03\/Jeeps_Desert_Safari_Dubai_8668553232-150x150.jpg\" alt=\"ausflug\" width=\"150\" height=\"150\" srcset=\"https:\/\/simsim-reisen.de\/wp-content\/uploads\/2018\/03\/Jeeps_Desert_Safari_Dubai_8668553232-150x150.jpg 150w, https:\/\/simsim-reisen.de\/wp-content\/uploads\/2018\/03\/Jeeps_Desert_Safari_Dubai_8668553232-75x75.jpg 75w, https:\/\/simsim-reisen.de\/wp-content\/uploads\/2018\/03\/Jeeps_Desert_Safari_Dubai_8668553232-550x550.jpg 550w, https:\/\/simsim-reisen.de\/wp-content\/uploads\/2018\/03\/Jeeps_Desert_Safari_Dubai_8668553232-400x400.jpg 400w\" sizes=\"auto, (max-width: 150px) 100vw, 150px\" \/><\/p>\n<\/div>\n<\/div>\n<\/div>\n<\/div>\n<\/div>\n<\/div>\n<\/div>\n<\/div>\n<\/div>\n<\/div>\n<p>[\/vc_column_text][\/vc_column][\/vc_row][vc_row equal_height=&#8220;yes&#8220; content_placement=&#8220;middle&#8220; css=&#8220;.vc_custom_1522460138196{margin-top: 0px !important;padding-top: 0px !important;}&#8220;][vc_column offset=&#8220;vc_col-lg-6 vc_col-md-12&#8243; css=&#8220;.vc_custom_1522460262205{padding-top: 0px !important;padding-bottom: 0px !important;}&#8220;]<div class=\"qodef-elements-holder   qodef-one-column  qodef-responsive-mode-768 \" ><div class=\"qodef-eh-item     \"  data-item-class=\"qodef-eh-custom-4307\" data-1280-1600=\"2% 13% 0\" data-1024-1280=\"2% 12% 0\" data-768-1024=\"5% 5% 5% 5%\" data-680-768=\"5% 5% 5% 5%\" data-680=\"5% 5% 5% 5%\">\n\t<div class=\"qodef-eh-item-inner\">\n\t\t<div class=\"qodef-eh-item-content qodef-eh-custom-4307\" style=\"padding: 4% 15% 0 15%\">\n\t\t\t[vc_column_text]<\/p>\n<p style=\"text-align: left;\"><a href=\"mailto:simsim@simsim-reisen.de?subject=Anfrage%20an%20SimSim%20Reisen\">E-Mail Senden an uns &#8230;<\/a><\/p>\n<p style=\"text-align: left;\"><strong>simsim(@)simsim-reisen.de<\/strong><\/p>\n<div style=\"text-align: left;\">\n<div>\n<div>\n<div>\n<div>\n<div data-item-class=\"qodef-eh-custom-8539\" data-1280-1600=\"2% 13% 0\" data-1024-1280=\"2% 12% 0\" data-768-1024=\"5% 5% 5% 5%\" data-680-768=\"5% 5% 5% 5%\" data-680=\"5% 5% 5% 5%\">\n<div>\n<div>\n<div>\n<div>\n<p>Tags\u00fcber WhatsApp: Montag bis Freitag zwischen 09:00 Uhr bis 17:00 Uhr<\/p>\n<p>+49 178 527 6143<\/p>\n<p>Abends WhatsApp: Montag bis Freitag zwischen 17:00 Uhr bis 09:00 Uhr, sowie Samstag und Sonntag 24 Stunden<\/p>\n<p>+49 176 830 26673<br \/>\n(auch Notfall Nummer)<\/p>\n<\/div>\n<\/div>\n<\/div>\n<\/div>\n<\/div>\n<\/div>\n<\/div>\n<\/div>\n<\/div>\n<\/div>\n<div>\n<div>\n<div>\n<div>\n<div>\n<div data-item-class=\"qodef-eh-custom-5913\" data-1280-1600=\"2% 13% 0\" data-1024-1280=\"2% 12% 0\" data-768-1024=\"5% 5% 5% 5%\" data-680-768=\"5% 5% 5% 5%\" data-680=\"5% 5% 5% 5%\">\n<div>\n<div>\n<div>\n<div>\n<p style=\"text-align: left;\">Wir freuen uns, Euch bald am Roten Meer in \u00c4gypten begr\u00fc\u00dfen zu d\u00fcrfen und w\u00fcnschen Euch bis dahin alles Gute!<\/p>\n<p style=\"text-align: left;\">Euer SimSim Reisen &amp; Dive Team<\/p>\n<\/div>\n<\/div>\n<\/div>\n<\/div>\n<\/div>\n<\/div>\n<\/div>\n<\/div>\n<\/div>\n<\/div>\n<p>[\/vc_column_text]\t\t<\/div>\n\t<\/div>\n\t<\/div><\/div>[\/vc_column][vc_column css=&#8220;.vc_custom_1522941895447{margin-top: 0px !important;margin-right: 0px !important;margin-bottom: 0px !important;margin-left: 0px !important;padding-top: 0px !important;padding-right: 0px !important;padding-bottom: 0px !important;padding-left: 0px !important;background-image: url(http:\/\/simsim-reisen.de\/wp-content\/uploads\/2018\/03\/12105997_558392104337132_272425238_n.jpg?id=3167) !important;background-position: center !important;background-repeat: no-repeat !important;background-size: cover !important;}&#8220; offset=&#8220;vc_col-lg-6 vc_col-md-12&#8243;][vc_empty_space height=&#8220;500px&#8220;][\/vc_column][\/vc_row][vc_row equal_height=&#8220;yes&#8220; content_placement=&#8220;middle&#8220; css=&#8220;.vc_custom_1522460138196{margin-top: 0px !important;padding-top: 0px !important;}&#8220;][vc_column css=&#8220;.vc_custom_1522941907850{margin-top: 0px !important;margin-right: 0px !important;margin-bottom: 0px !important;margin-left: 0px !important;padding-top: 0px !important;padding-right: 0px !important;padding-bottom: 0px !important;padding-left: 0px !important;background-image: url(http:\/\/simsim-reisen.de\/wp-content\/uploads\/2018\/03\/World___Egypt_Underwater_in_the_resort_of_El_Quseir__Egypt_066456_.jpg?id=3162) !important;background-position: center !important;background-repeat: no-repeat !important;background-size: cover !important;}&#8220; offset=&#8220;vc_col-lg-6 vc_col-md-12&#8243;][vc_empty_space height=&#8220;500px&#8220;][\/vc_column][vc_column offset=&#8220;vc_col-lg-6 vc_col-md-12&#8243; css=&#8220;.vc_custom_1522460262205{padding-top: 0px !important;padding-bottom: 0px !important;}&#8220;]<div class=\"qodef-elements-holder   qodef-one-column  qodef-responsive-mode-768 \" ><div class=\"qodef-eh-item     \"  data-item-class=\"qodef-eh-custom-3208\" data-1280-1600=\"2% 13% 0\" data-1024-1280=\"2% 12% 0\" data-768-1024=\"5% 5% 5% 5%\" data-680-768=\"5% 5% 5% 5%\" data-680=\"5% 5% 5% 5%\">\n\t<div class=\"qodef-eh-item-inner\">\n\t\t<div class=\"qodef-eh-item-content qodef-eh-custom-3208\" style=\"padding: 4% 15% 0 15%\">\n\t\t\t[vc_column_text]Sie k\u00f6nnen uns auch eine SMS senden, wir ben\u00f6tigen dann nur folgende Informationen:<\/p>\n<ul>\n<li>Hotelname<\/li>\n<li>Familienname<\/li>\n<li>Zimmernummer<\/li>\n<\/ul>\n<p>Sollten Sie innerhalb 1 Stunde keine Antwort von uns erhalten, so haben wir leider die SMS nicht erhalten. Dann rufen Sie uns bitte telefonisch an &#8230;<\/p>\n<p>Wir freuen uns, Sie bald am Roten Meer in \u00c4gypten\u00a0begr\u00fc\u00dfen zu d\u00fcrfen und w\u00fcnschen Ihnen bis dahin alles Gute!<\/p>\n<p>SimSim und Team[\/vc_column_text]\t\t<\/div>\n\t<\/div>\n\t<\/div><\/div>[\/vc_column][\/vc_row]<\/p>\n","protected":false},"excerpt":{"rendered":"<p>[vc_row][vc_column offset=&#8220;vc_hidden-lg vc_hidden-md vc_hidden-sm vc_hidden-xs&#8220;][vc_column_text] E-Mail Senden an uns \u2026 simsim(@)simsim-reisen.de Tags\u00fcber WhatsApp: Montag bis Freitag zwischen 09:00 Uhr bis 17:00 Uhr +49 178 527 6143 Abends WhatsApp: Montag bis Freitag zwischen 17:00 Uhr bis 09:00 Uhr, sowie Samstag und [&hellip;]<\/p>\n","protected":false},"author":1,"featured_media":0,"parent":0,"menu_order":0,"comment_status":"closed","ping_status":"closed","template":"full-width.php","meta":{"footnotes":""},"class_list":["post-2875","page","type-page","status-publish","hentry"],"yoast_head":"<!-- This site is optimized with the Yoast SEO plugin v27.1.1 - https:\/\/yoast.com\/product\/yoast-seo-wordpress\/ -->\n<title>Kontaktieren Sie uns telefonisch, per E-Mail, Facebook oder WhatsApp.<\/title>\n<meta name=\"description\" content=\"Wollen Sie einen Ausflug \u00fcber uns buchen? Kontaktieren Sie uns ganz einfach telefonisch, per E-Mail, Facebook oder WhatsApp. Wir antworten Ihnen sehr gerne auf die Anfragen und sind auch behilflich, bei Ihren Urlaubsvorbereitungen. Unsere Ausfl\u00fcge k\u00f6nnen ab Hurghada\/ \u00c4gypten gebucht werden.\" \/>\n<meta name=\"robots\" content=\"index, follow, max-snippet:-1, max-image-preview:large, max-video-preview:-1\" \/>\n<link rel=\"canonical\" href=\"https:\/\/simsim-reisen.de\/?page_id=2875\" \/>\n<meta property=\"og:locale\" content=\"de_DE\" \/>\n<meta property=\"og:type\" content=\"article\" \/>\n<meta property=\"og:title\" content=\"Kontaktieren Sie uns telefonisch, per E-Mail, Facebook oder WhatsApp.\" \/>\n<meta property=\"og:description\" content=\"Wollen Sie einen Ausflug \u00fcber uns buchen? Kontaktieren Sie uns ganz einfach telefonisch, per E-Mail, Facebook oder WhatsApp. Wir antworten Ihnen sehr gerne auf die Anfragen und sind auch behilflich, bei Ihren Urlaubsvorbereitungen. Unsere Ausfl\u00fcge k\u00f6nnen ab Hurghada\/ \u00c4gypten gebucht werden.\" \/>\n<meta property=\"og:url\" content=\"https:\/\/simsim-reisen.de\/?page_id=2875\" \/>\n<meta property=\"og:site_name\" content=\"SimSim Dive Safari &amp; Ausfl\u00fcge\" \/>\n<meta property=\"article:publisher\" content=\"https:\/\/www.facebook.com\/simsimreisen.de\/\" \/>\n<meta property=\"article:modified_time\" content=\"2022-06-14T05:36:56+00:00\" \/>\n<meta property=\"og:image\" content=\"http:\/\/simsim-reisen.de\/wp-content\/uploads\/2018\/03\/Jeeps_Desert_Safari_Dubai_8668553232-150x150.jpg\" \/>\n<meta name=\"twitter:card\" content=\"summary_large_image\" \/>\n<meta name=\"twitter:label1\" content=\"Gesch\u00e4tzte Lesezeit\" \/>\n\t<meta name=\"twitter:data1\" content=\"3\u00a0Minuten\" \/>\n<script type=\"application\/ld+json\" class=\"yoast-schema-graph\">{\"@context\":\"https:\/\/schema.org\",\"@graph\":[{\"@type\":\"WebPage\",\"@id\":\"https:\/\/simsim-reisen.de\/?page_id=2875\",\"url\":\"https:\/\/simsim-reisen.de\/?page_id=2875\",\"name\":\"Kontaktieren Sie uns telefonisch, per E-Mail, Facebook oder WhatsApp.\",\"isPartOf\":{\"@id\":\"https:\/\/simsim-reisen.de\/#website\"},\"primaryImageOfPage\":{\"@id\":\"https:\/\/simsim-reisen.de\/?page_id=2875#primaryimage\"},\"image\":{\"@id\":\"https:\/\/simsim-reisen.de\/?page_id=2875#primaryimage\"},\"thumbnailUrl\":\"http:\/\/simsim-reisen.de\/wp-content\/uploads\/2018\/03\/Jeeps_Desert_Safari_Dubai_8668553232-150x150.jpg\",\"datePublished\":\"2018-04-02T15:42:57+00:00\",\"dateModified\":\"2022-06-14T05:36:56+00:00\",\"description\":\"Wollen Sie einen Ausflug \u00fcber uns buchen? Kontaktieren Sie uns ganz einfach telefonisch, per E-Mail, Facebook oder WhatsApp. Wir antworten Ihnen sehr gerne auf die Anfragen und sind auch behilflich, bei Ihren Urlaubsvorbereitungen. Unsere Ausfl\u00fcge k\u00f6nnen ab Hurghada\/ \u00c4gypten gebucht werden.\",\"breadcrumb\":{\"@id\":\"https:\/\/simsim-reisen.de\/?page_id=2875#breadcrumb\"},\"inLanguage\":\"de\",\"potentialAction\":[{\"@type\":\"ReadAction\",\"target\":[\"https:\/\/simsim-reisen.de\/?page_id=2875\"]}]},{\"@type\":\"ImageObject\",\"inLanguage\":\"de\",\"@id\":\"https:\/\/simsim-reisen.de\/?page_id=2875#primaryimage\",\"url\":\"https:\/\/simsim-reisen.de\/wp-content\/uploads\/2018\/03\/Jeeps_Desert_Safari_Dubai_8668553232.jpg\",\"contentUrl\":\"https:\/\/simsim-reisen.de\/wp-content\/uploads\/2018\/03\/Jeeps_Desert_Safari_Dubai_8668553232.jpg\",\"width\":1024,\"height\":768,\"caption\":\"ausflug\"},{\"@type\":\"BreadcrumbList\",\"@id\":\"https:\/\/simsim-reisen.de\/?page_id=2875#breadcrumb\",\"itemListElement\":[{\"@type\":\"ListItem\",\"position\":1,\"name\":\"Home\",\"item\":\"https:\/\/simsim-reisen.de\/\"},{\"@type\":\"ListItem\",\"position\":2,\"name\":\"Wie kann man einen Ausflug buchen?\"}]},{\"@type\":\"WebSite\",\"@id\":\"https:\/\/simsim-reisen.de\/#website\",\"url\":\"https:\/\/simsim-reisen.de\/\",\"name\":\"SimSim Dive Safari & Ausfl\u00fcge\",\"description\":\"\",\"publisher\":{\"@id\":\"https:\/\/simsim-reisen.de\/#organization\"},\"potentialAction\":[{\"@type\":\"SearchAction\",\"target\":{\"@type\":\"EntryPoint\",\"urlTemplate\":\"https:\/\/simsim-reisen.de\/?s={search_term_string}\"},\"query-input\":{\"@type\":\"PropertyValueSpecification\",\"valueRequired\":true,\"valueName\":\"search_term_string\"}}],\"inLanguage\":\"de\"},{\"@type\":\"Organization\",\"@id\":\"https:\/\/simsim-reisen.de\/#organization\",\"name\":\"SimSim Dive Safari & Ausfl\u00fcge\",\"url\":\"https:\/\/simsim-reisen.de\/\",\"logo\":{\"@type\":\"ImageObject\",\"inLanguage\":\"de\",\"@id\":\"https:\/\/simsim-reisen.de\/#\/schema\/logo\/image\/\",\"url\":\"https:\/\/simsim-reisen.de\/wp-content\/uploads\/2018\/04\/simsim-tauchtouren-aegypten-dark.png\",\"contentUrl\":\"https:\/\/simsim-reisen.de\/wp-content\/uploads\/2018\/04\/simsim-tauchtouren-aegypten-dark.png\",\"width\":50,\"height\":61,\"caption\":\"SimSim Dive Safari & Ausfl\u00fcge\"},\"image\":{\"@id\":\"https:\/\/simsim-reisen.de\/#\/schema\/logo\/image\/\"},\"sameAs\":[\"https:\/\/www.facebook.com\/simsimreisen.de\/\"]}]}<\/script>\n<!-- \/ Yoast SEO plugin. -->","yoast_head_json":{"title":"Kontaktieren Sie uns telefonisch, per E-Mail, Facebook oder WhatsApp.","description":"Wollen Sie einen Ausflug \u00fcber uns buchen? Kontaktieren Sie uns ganz einfach telefonisch, per E-Mail, Facebook oder WhatsApp. Wir antworten Ihnen sehr gerne auf die Anfragen und sind auch behilflich, bei Ihren Urlaubsvorbereitungen. Unsere Ausfl\u00fcge k\u00f6nnen ab Hurghada\/ \u00c4gypten gebucht werden.","robots":{"index":"index","follow":"follow","max-snippet":"max-snippet:-1","max-image-preview":"max-image-preview:large","max-video-preview":"max-video-preview:-1"},"canonical":"https:\/\/simsim-reisen.de\/?page_id=2875","og_locale":"de_DE","og_type":"article","og_title":"Kontaktieren Sie uns telefonisch, per E-Mail, Facebook oder WhatsApp.","og_description":"Wollen Sie einen Ausflug \u00fcber uns buchen? Kontaktieren Sie uns ganz einfach telefonisch, per E-Mail, Facebook oder WhatsApp. Wir antworten Ihnen sehr gerne auf die Anfragen und sind auch behilflich, bei Ihren Urlaubsvorbereitungen. Unsere Ausfl\u00fcge k\u00f6nnen ab Hurghada\/ \u00c4gypten gebucht werden.","og_url":"https:\/\/simsim-reisen.de\/?page_id=2875","og_site_name":"SimSim Dive Safari &amp; Ausfl\u00fcge","article_publisher":"https:\/\/www.facebook.com\/simsimreisen.de\/","article_modified_time":"2022-06-14T05:36:56+00:00","og_image":[{"url":"http:\/\/simsim-reisen.de\/wp-content\/uploads\/2018\/03\/Jeeps_Desert_Safari_Dubai_8668553232-150x150.jpg","type":"","width":"","height":""}],"twitter_card":"summary_large_image","twitter_misc":{"Gesch\u00e4tzte Lesezeit":"3\u00a0Minuten"},"schema":{"@context":"https:\/\/schema.org","@graph":[{"@type":"WebPage","@id":"https:\/\/simsim-reisen.de\/?page_id=2875","url":"https:\/\/simsim-reisen.de\/?page_id=2875","name":"Kontaktieren Sie uns telefonisch, per E-Mail, Facebook oder WhatsApp.","isPartOf":{"@id":"https:\/\/simsim-reisen.de\/#website"},"primaryImageOfPage":{"@id":"https:\/\/simsim-reisen.de\/?page_id=2875#primaryimage"},"image":{"@id":"https:\/\/simsim-reisen.de\/?page_id=2875#primaryimage"},"thumbnailUrl":"http:\/\/simsim-reisen.de\/wp-content\/uploads\/2018\/03\/Jeeps_Desert_Safari_Dubai_8668553232-150x150.jpg","datePublished":"2018-04-02T15:42:57+00:00","dateModified":"2022-06-14T05:36:56+00:00","description":"Wollen Sie einen Ausflug \u00fcber uns buchen? Kontaktieren Sie uns ganz einfach telefonisch, per E-Mail, Facebook oder WhatsApp. Wir antworten Ihnen sehr gerne auf die Anfragen und sind auch behilflich, bei Ihren Urlaubsvorbereitungen. Unsere Ausfl\u00fcge k\u00f6nnen ab Hurghada\/ \u00c4gypten gebucht werden.","breadcrumb":{"@id":"https:\/\/simsim-reisen.de\/?page_id=2875#breadcrumb"},"inLanguage":"de","potentialAction":[{"@type":"ReadAction","target":["https:\/\/simsim-reisen.de\/?page_id=2875"]}]},{"@type":"ImageObject","inLanguage":"de","@id":"https:\/\/simsim-reisen.de\/?page_id=2875#primaryimage","url":"https:\/\/simsim-reisen.de\/wp-content\/uploads\/2018\/03\/Jeeps_Desert_Safari_Dubai_8668553232.jpg","contentUrl":"https:\/\/simsim-reisen.de\/wp-content\/uploads\/2018\/03\/Jeeps_Desert_Safari_Dubai_8668553232.jpg","width":1024,"height":768,"caption":"ausflug"},{"@type":"BreadcrumbList","@id":"https:\/\/simsim-reisen.de\/?page_id=2875#breadcrumb","itemListElement":[{"@type":"ListItem","position":1,"name":"Home","item":"https:\/\/simsim-reisen.de\/"},{"@type":"ListItem","position":2,"name":"Wie kann man einen Ausflug buchen?"}]},{"@type":"WebSite","@id":"https:\/\/simsim-reisen.de\/#website","url":"https:\/\/simsim-reisen.de\/","name":"SimSim Dive Safari & Ausfl\u00fcge","description":"","publisher":{"@id":"https:\/\/simsim-reisen.de\/#organization"},"potentialAction":[{"@type":"SearchAction","target":{"@type":"EntryPoint","urlTemplate":"https:\/\/simsim-reisen.de\/?s={search_term_string}"},"query-input":{"@type":"PropertyValueSpecification","valueRequired":true,"valueName":"search_term_string"}}],"inLanguage":"de"},{"@type":"Organization","@id":"https:\/\/simsim-reisen.de\/#organization","name":"SimSim Dive Safari & Ausfl\u00fcge","url":"https:\/\/simsim-reisen.de\/","logo":{"@type":"ImageObject","inLanguage":"de","@id":"https:\/\/simsim-reisen.de\/#\/schema\/logo\/image\/","url":"https:\/\/simsim-reisen.de\/wp-content\/uploads\/2018\/04\/simsim-tauchtouren-aegypten-dark.png","contentUrl":"https:\/\/simsim-reisen.de\/wp-content\/uploads\/2018\/04\/simsim-tauchtouren-aegypten-dark.png","width":50,"height":61,"caption":"SimSim Dive Safari & Ausfl\u00fcge"},"image":{"@id":"https:\/\/simsim-reisen.de\/#\/schema\/logo\/image\/"},"sameAs":["https:\/\/www.facebook.com\/simsimreisen.de\/"]}]}},"_links":{"self":[{"href":"https:\/\/simsim-reisen.de\/index.php?rest_route=\/wp\/v2\/pages\/2875","targetHints":{"allow":["GET"]}}],"collection":[{"href":"https:\/\/simsim-reisen.de\/index.php?rest_route=\/wp\/v2\/pages"}],"about":[{"href":"https:\/\/simsim-reisen.de\/index.php?rest_route=\/wp\/v2\/types\/page"}],"author":[{"embeddable":true,"href":"https:\/\/simsim-reisen.de\/index.php?rest_route=\/wp\/v2\/users\/1"}],"replies":[{"embeddable":true,"href":"https:\/\/simsim-reisen.de\/index.php?rest_route=%2Fwp%2Fv2%2Fcomments&post=2875"}],"version-history":[{"count":14,"href":"https:\/\/simsim-reisen.de\/index.php?rest_route=\/wp\/v2\/pages\/2875\/revisions"}],"predecessor-version":[{"id":3851,"href":"https:\/\/simsim-reisen.de\/index.php?rest_route=\/wp\/v2\/pages\/2875\/revisions\/3851"}],"wp:attachment":[{"href":"https:\/\/simsim-reisen.de\/index.php?rest_route=%2Fwp%2Fv2%2Fmedia&parent=2875"}],"curies":[{"name":"wp","href":"https:\/\/api.w.org\/{rel}","templated":true}]}}