{"id":3269,"date":"2018-04-06T06:08:56","date_gmt":"2018-04-06T06:08:56","guid":{"rendered":"https:\/\/simsim-reisen.de\/?page_id=3269"},"modified":"2018-05-19T09:06:10","modified_gmt":"2018-05-19T09:06:10","slug":"unterwasser","status":"publish","type":"page","link":"https:\/\/simsim-reisen.de\/?page_id=3269","title":{"rendered":"Video"},"content":{"rendered":"<p>[vc_row][vc_column offset=&#8220;vc_hidden-lg vc_hidden-md vc_hidden-sm vc_hidden-xs&#8220;][vc_column_text]Video<\/p>\n<p>Schon im\u00a0Video vorhellenischen Griechenland wurde der Delphin als Gott verehrt und ihm gleichgestellt. Die obige \u00dcberschrift stammt von dem griechischen Video Dichter Oppian, der sagte, dass ein Mord an einem Delphin genauso bestraft m\u00fcsse, wie der an einem Menschen. Das zeigt uns, dass der Delphin schon in der griechischen Geschichte eine gro\u00dfe Rolle spielte. Der Mythos von der\u00a0Video Verbindung zwischen Mensch und Delphin ist uralt. Einige Geschichtsforscher glauben daran, dass Kreter die ersten\u00a0Video Delphine gez\u00e4hmt haben und sich ohne sie niemals auf\u00b4s offene Meer trauten.<\/p>\n<p>Mit Hilfe der Delphine\u00a0Video entdeckten sie ein Heiligtum, einen Platz, an dieser Stelle entstand Delphi, das sp\u00e4ter als Zentrum der Welt galt.<\/p>\n<p>Die Legende Arions ist\u00a0 Video sicherlich die bekannteste\u00a0Video Geschichte, die die uralte Bindung zwischen Menschen und Delphinen besonders stark zum Ausdruck bringt. Der S\u00e4nger und Dichter Arion begab sich auf die Reise durch den Mittelmeerraum, wurde von Schiffsr\u00e4ubern \u00fcberfallen und sie zwangen Arion \u00fcber Bord in den Tod zu springen, um in den Besitz seines Geldes zu kommen. Arion bat um die Erf\u00fcllung eines letzten Wunsches- er wollte in voller Amtstracht auf der Ruderbank stehend singen und sich anschlie\u00dfend t\u00f6ten. Diese Bitte wurde ihm gew\u00e4hrt, und tats\u00e4chlich st\u00fcrzte er sich nach der letzten Strophe seines Liedes ins Meer. Dort aber griff ihn ein Delphin und brachte ihn wohlbehalten an die K\u00fcste nach Taenarum. Hier konnte Arion dem Herrscher Periandros von seinem Abenteuer berichten, noch bevor das Schiff im Hafen eingelaufen war.<\/p>\n<p>Er hatte schon erkannt das Delphine S\u00e4ugetiere waren und beschrieb sie als \u201cfreundliche Kreaturen\u201d mit nahezu menschlicher Intelligenz. Ihr Verhalten und ihre Biologie blieben dennoch weiterhin ein R\u00e4tsel. In vielen Erz\u00e4hlungen und Darstellungen dieser Epoche wurden Delphine als menschen\u00e4hnliche Wesen beschrieben.<\/p>\n<p>Delphine haben nicht nur S\u00e4nger und Dichter inspiriert, sondern auch Maler und Bildhauer. Die kretische , r\u00f6mische, chinesische und indische Kunst des\u00a0Video vierten vorchristlichen Jahrhunderts haben uns realistische Abbildungen in Form von Statuen und Bildern hinterlassen.\u00a0Video<\/p>\n<p>Die bekanntesten Bilder stellen den gemeinen\u00a0Video T\u00fcmmler und den Schwertwal dar. Dem Menschen sehr nah, ein edles Erscheinen, als Sinnbild f\u00fcr den Geist, der die Natur belebt und sie mit einer Art von Intelligenz segnet.<\/p>\n<p>Unsere Vorfahren lie\u00dfen sich von der Tatsache, das Delphine \u00e4u\u00dferlich wie Fische aussehen nicht t\u00e4uschen, und obwohl sie weder eine Vorstellung von dem Begriff eines S\u00e4ugetiers hatten noch deren Anatomie oder Physiologie kannten, glaubten sie immer, dass Menschen mit Ihnen viel gemeinsam h\u00e4tten.<\/p>\n<p>Andererseits halfen Legenden auch dabei, Dinge zu verstehen, die Menschen nicht erkl\u00e4ren konnten.<\/p>\n<p>Heutzutage wissen wir sehr viel mehr \u00fcber Delphine und andere Walarten. Meist sind es Forschungen, die Wissenschaftler mit Delphinen, T\u00fcmmlern in Gefangenschaft machen. T\u00fcmmler geh\u00f6ren zu der schlauesten und lernf\u00e4higsten Art Ihrer Gattung. Sie sind es, die in Delphinarien in Gefangenschaft gehalten werden. T\u00fcmmler geh\u00f6ren auch zu den kommunikativsten, sie leben, wenn sie nicht in Gefangenschaft sind, meist in K\u00fcstenn\u00e4he. Man sagt, sie wollen und suchen die N\u00e4he zum Mensch.<\/p>\n<p>In K\u00fcstenn\u00e4he drohen keine gef\u00e4hrlichen Feinde der Wasserwelt, dort ruhen sie ihr Sonar aus. Doch eine immer n\u00e4her androhende Gefahr stellen heutzutage Menschen f\u00fcr die Delphine dar.<\/p>\n<p>Delphine sind S\u00e4ugetiere, die ins <a href=\"https:\/\/simsim-reisen.de\/\">Meer<\/a> zur\u00fcckgekehrt sind .Sie nahmen \u00e4u\u00dferlich die Gestalt <a href=\"https:\/\/en.wikipedia.org\/wiki\/Hurghada\">von<\/a> Fischen an und modifizierten sowohl ihren Stoffwechsel als auch andere physiologische Funktionen, um sich dem Meer besser anzupassen. Sie behielten alle Unterscheidungsmerkmale der S\u00e4ugetiere, die Lungenatmung, das N\u00e4hren des Nachwuchses und die Ausbildung eines komplizierten Soziallebens. Delphine sind ungew\u00f6hnlich gesellige Tiere. Man k\u00f6nnte denken, dass sie ohne eine bestimmte Ordnung nebeneinander schwimmen, doch besitzt die Gruppe in Wirklichkeit eine Struktur. Jedes Individuum findet seinen Platz, die Delphine schwimmen je nach Alter und Geschlecht.<\/p>\n<h2>Video<\/h2>\n<p><img loading=\"lazy\" decoding=\"async\" class=\"alignnone size-thumbnail wp-image-3180\" src=\"http:\/\/simsim-reisen.de\/wp-content\/uploads\/2018\/03\/2-1-150x150.jpg\" alt=\"Video\" width=\"150\" height=\"150\" srcset=\"https:\/\/simsim-reisen.de\/wp-content\/uploads\/2018\/03\/2-1-150x150.jpg 150w, https:\/\/simsim-reisen.de\/wp-content\/uploads\/2018\/03\/2-1-75x75.jpg 75w, https:\/\/simsim-reisen.de\/wp-content\/uploads\/2018\/03\/2-1-550x550.jpg 550w, https:\/\/simsim-reisen.de\/wp-content\/uploads\/2018\/03\/2-1-400x400.jpg 400w\" sizes=\"auto, (max-width: 150px) 100vw, 150px\" \/>[\/vc_column_text][\/vc_column][\/vc_row][vc_row][vc_column][vc_empty_space height=&#8220;50px&#8220;][\/vc_column][\/vc_row][vc_row row_content_width=&#8220;grid&#8220;][vc_column][vc_column_text]<div class=\"epyt-gallery\" data-currpage=\"1\" id=\"epyt_gallery_87961\"><iframe loading=\"lazy\"  id=\"_ytid_29568\"  width=\"1100\" height=\"619\"  data-origwidth=\"1100\" data-origheight=\"619\" src=\"https:\/\/www.youtube.com\/embed\/?enablejsapi=1&autoplay=0&cc_load_policy=0&cc_lang_pref=&iv_load_policy=1&loop=0&rel=1&fs=1&playsinline=0&autohide=2&theme=dark&color=red&controls=1&disablekb=0&\" class=\"__youtube_prefs__  no-lazyload\" title=\"YouTube player\"  data-epytgalleryid=\"epyt_gallery_87961\"  allow=\"fullscreen; accelerometer; autoplay; clipboard-write; encrypted-media; gyroscope; picture-in-picture; web-share\" referrerpolicy=\"strict-origin-when-cross-origin\" allowfullscreen data-no-lazy=\"1\" data-skipgform_ajax_framebjll=\"\"><\/iframe><div class=\"epyt-gallery-list\"><div>Sorry, there was a YouTube error.<\/div><\/div><\/div>[\/vc_column_text][\/vc_column][\/vc_row][vc_row][vc_column][vc_empty_space height=&#8220;50px&#8220;][\/vc_column][\/vc_row]<\/p>\n","protected":false},"excerpt":{"rendered":"<p>[vc_row][vc_column offset=&#8220;vc_hidden-lg vc_hidden-md vc_hidden-sm vc_hidden-xs&#8220;][vc_column_text]Video Schon im\u00a0Video vorhellenischen Griechenland wurde der Delphin als Gott verehrt und ihm gleichgestellt. Die obige \u00dcberschrift stammt von dem griechischen Video Dichter Oppian, der sagte, dass ein Mord an einem Delphin genauso bestraft m\u00fcsse, wie [&hellip;]<\/p>\n","protected":false},"author":1,"featured_media":0,"parent":0,"menu_order":0,"comment_status":"closed","ping_status":"closed","template":"full-width.php","meta":{"footnotes":""},"class_list":["post-3269","page","type-page","status-publish","hentry"],"yoast_head":"<!-- This site is optimized with the Yoast SEO plugin v27.1.1 - https:\/\/yoast.com\/product\/yoast-seo-wordpress\/ -->\n<title>Unterwasseraufnahmen von Delfinen, Fischen und der tollen Korallenwelt.<\/title>\n<meta name=\"description\" content=\"Wir sehen und entdecken jeden Tag interessante Fische und Korallen. Das Rote Meer in \u00c4gypten ist ein einzigartig sch\u00f6ner Ort um die Vielfalt und Sch\u00f6nheit der Unterwasserwelt jeden Tag aufs Neue, zu erkunden. Wir sehen Delfine, Mantas, Schildkr\u00f6ten und wenn man Gl\u00fcck hat Haie und andere Gro\u00dffische.\" \/>\n<meta name=\"robots\" content=\"index, follow, max-snippet:-1, max-image-preview:large, max-video-preview:-1\" \/>\n<link rel=\"canonical\" href=\"https:\/\/simsim-reisen.de\/?page_id=3269\" \/>\n<meta property=\"og:locale\" content=\"de_DE\" \/>\n<meta property=\"og:type\" content=\"article\" \/>\n<meta property=\"og:title\" content=\"Unterwasseraufnahmen von Delfinen, Fischen und der tollen Korallenwelt.\" \/>\n<meta property=\"og:description\" content=\"Wir sehen und entdecken jeden Tag interessante Fische und Korallen. Das Rote Meer in \u00c4gypten ist ein einzigartig sch\u00f6ner Ort um die Vielfalt und Sch\u00f6nheit der Unterwasserwelt jeden Tag aufs Neue, zu erkunden. Wir sehen Delfine, Mantas, Schildkr\u00f6ten und wenn man Gl\u00fcck hat Haie und andere Gro\u00dffische.\" \/>\n<meta property=\"og:url\" content=\"https:\/\/simsim-reisen.de\/?page_id=3269\" \/>\n<meta property=\"og:site_name\" content=\"SimSim Dive Safari &amp; Ausfl\u00fcge\" \/>\n<meta property=\"article:publisher\" content=\"https:\/\/www.facebook.com\/simsimreisen.de\/\" \/>\n<meta property=\"article:modified_time\" content=\"2018-05-19T09:06:10+00:00\" \/>\n<meta property=\"og:image\" content=\"http:\/\/simsim-reisen.de\/wp-content\/uploads\/2018\/03\/2-1-150x150.jpg\" \/>\n<meta name=\"twitter:card\" content=\"summary_large_image\" \/>\n<meta name=\"twitter:label1\" content=\"Gesch\u00e4tzte Lesezeit\" \/>\n\t<meta name=\"twitter:data1\" content=\"4\u00a0Minuten\" \/>\n<script type=\"application\/ld+json\" class=\"yoast-schema-graph\">{\"@context\":\"https:\/\/schema.org\",\"@graph\":[{\"@type\":\"WebPage\",\"@id\":\"https:\/\/simsim-reisen.de\/?page_id=3269\",\"url\":\"https:\/\/simsim-reisen.de\/?page_id=3269\",\"name\":\"Unterwasseraufnahmen von Delfinen, Fischen und der tollen Korallenwelt.\",\"isPartOf\":{\"@id\":\"https:\/\/simsim-reisen.de\/#website\"},\"primaryImageOfPage\":{\"@id\":\"https:\/\/simsim-reisen.de\/?page_id=3269#primaryimage\"},\"image\":{\"@id\":\"https:\/\/simsim-reisen.de\/?page_id=3269#primaryimage\"},\"thumbnailUrl\":\"http:\/\/simsim-reisen.de\/wp-content\/uploads\/2018\/03\/2-1-150x150.jpg\",\"datePublished\":\"2018-04-06T06:08:56+00:00\",\"dateModified\":\"2018-05-19T09:06:10+00:00\",\"description\":\"Wir sehen und entdecken jeden Tag interessante Fische und Korallen. Das Rote Meer in \u00c4gypten ist ein einzigartig sch\u00f6ner Ort um die Vielfalt und Sch\u00f6nheit der Unterwasserwelt jeden Tag aufs Neue, zu erkunden. Wir sehen Delfine, Mantas, Schildkr\u00f6ten und wenn man Gl\u00fcck hat Haie und andere Gro\u00dffische.\",\"breadcrumb\":{\"@id\":\"https:\/\/simsim-reisen.de\/?page_id=3269#breadcrumb\"},\"inLanguage\":\"de\",\"potentialAction\":[{\"@type\":\"ReadAction\",\"target\":[\"https:\/\/simsim-reisen.de\/?page_id=3269\"]}]},{\"@type\":\"ImageObject\",\"inLanguage\":\"de\",\"@id\":\"https:\/\/simsim-reisen.de\/?page_id=3269#primaryimage\",\"url\":\"https:\/\/simsim-reisen.de\/wp-content\/uploads\/2018\/03\/2-1.jpg\",\"contentUrl\":\"https:\/\/simsim-reisen.de\/wp-content\/uploads\/2018\/03\/2-1.jpg\",\"width\":1280,\"height\":960,\"caption\":\"Video\"},{\"@type\":\"BreadcrumbList\",\"@id\":\"https:\/\/simsim-reisen.de\/?page_id=3269#breadcrumb\",\"itemListElement\":[{\"@type\":\"ListItem\",\"position\":1,\"name\":\"Home\",\"item\":\"https:\/\/simsim-reisen.de\/\"},{\"@type\":\"ListItem\",\"position\":2,\"name\":\"Video\"}]},{\"@type\":\"WebSite\",\"@id\":\"https:\/\/simsim-reisen.de\/#website\",\"url\":\"https:\/\/simsim-reisen.de\/\",\"name\":\"SimSim Dive Safari & Ausfl\u00fcge\",\"description\":\"\",\"publisher\":{\"@id\":\"https:\/\/simsim-reisen.de\/#organization\"},\"potentialAction\":[{\"@type\":\"SearchAction\",\"target\":{\"@type\":\"EntryPoint\",\"urlTemplate\":\"https:\/\/simsim-reisen.de\/?s={search_term_string}\"},\"query-input\":{\"@type\":\"PropertyValueSpecification\",\"valueRequired\":true,\"valueName\":\"search_term_string\"}}],\"inLanguage\":\"de\"},{\"@type\":\"Organization\",\"@id\":\"https:\/\/simsim-reisen.de\/#organization\",\"name\":\"SimSim Dive Safari & Ausfl\u00fcge\",\"url\":\"https:\/\/simsim-reisen.de\/\",\"logo\":{\"@type\":\"ImageObject\",\"inLanguage\":\"de\",\"@id\":\"https:\/\/simsim-reisen.de\/#\/schema\/logo\/image\/\",\"url\":\"https:\/\/simsim-reisen.de\/wp-content\/uploads\/2018\/04\/simsim-tauchtouren-aegypten-dark.png\",\"contentUrl\":\"https:\/\/simsim-reisen.de\/wp-content\/uploads\/2018\/04\/simsim-tauchtouren-aegypten-dark.png\",\"width\":50,\"height\":61,\"caption\":\"SimSim Dive Safari & Ausfl\u00fcge\"},\"image\":{\"@id\":\"https:\/\/simsim-reisen.de\/#\/schema\/logo\/image\/\"},\"sameAs\":[\"https:\/\/www.facebook.com\/simsimreisen.de\/\"]}]}<\/script>\n<!-- \/ Yoast SEO plugin. -->","yoast_head_json":{"title":"Unterwasseraufnahmen von Delfinen, Fischen und der tollen Korallenwelt.","description":"Wir sehen und entdecken jeden Tag interessante Fische und Korallen. Das Rote Meer in \u00c4gypten ist ein einzigartig sch\u00f6ner Ort um die Vielfalt und Sch\u00f6nheit der Unterwasserwelt jeden Tag aufs Neue, zu erkunden. Wir sehen Delfine, Mantas, Schildkr\u00f6ten und wenn man Gl\u00fcck hat Haie und andere Gro\u00dffische.","robots":{"index":"index","follow":"follow","max-snippet":"max-snippet:-1","max-image-preview":"max-image-preview:large","max-video-preview":"max-video-preview:-1"},"canonical":"https:\/\/simsim-reisen.de\/?page_id=3269","og_locale":"de_DE","og_type":"article","og_title":"Unterwasseraufnahmen von Delfinen, Fischen und der tollen Korallenwelt.","og_description":"Wir sehen und entdecken jeden Tag interessante Fische und Korallen. Das Rote Meer in \u00c4gypten ist ein einzigartig sch\u00f6ner Ort um die Vielfalt und Sch\u00f6nheit der Unterwasserwelt jeden Tag aufs Neue, zu erkunden. Wir sehen Delfine, Mantas, Schildkr\u00f6ten und wenn man Gl\u00fcck hat Haie und andere Gro\u00dffische.","og_url":"https:\/\/simsim-reisen.de\/?page_id=3269","og_site_name":"SimSim Dive Safari &amp; Ausfl\u00fcge","article_publisher":"https:\/\/www.facebook.com\/simsimreisen.de\/","article_modified_time":"2018-05-19T09:06:10+00:00","og_image":[{"url":"http:\/\/simsim-reisen.de\/wp-content\/uploads\/2018\/03\/2-1-150x150.jpg","type":"","width":"","height":""}],"twitter_card":"summary_large_image","twitter_misc":{"Gesch\u00e4tzte Lesezeit":"4\u00a0Minuten"},"schema":{"@context":"https:\/\/schema.org","@graph":[{"@type":"WebPage","@id":"https:\/\/simsim-reisen.de\/?page_id=3269","url":"https:\/\/simsim-reisen.de\/?page_id=3269","name":"Unterwasseraufnahmen von Delfinen, Fischen und der tollen Korallenwelt.","isPartOf":{"@id":"https:\/\/simsim-reisen.de\/#website"},"primaryImageOfPage":{"@id":"https:\/\/simsim-reisen.de\/?page_id=3269#primaryimage"},"image":{"@id":"https:\/\/simsim-reisen.de\/?page_id=3269#primaryimage"},"thumbnailUrl":"http:\/\/simsim-reisen.de\/wp-content\/uploads\/2018\/03\/2-1-150x150.jpg","datePublished":"2018-04-06T06:08:56+00:00","dateModified":"2018-05-19T09:06:10+00:00","description":"Wir sehen und entdecken jeden Tag interessante Fische und Korallen. Das Rote Meer in \u00c4gypten ist ein einzigartig sch\u00f6ner Ort um die Vielfalt und Sch\u00f6nheit der Unterwasserwelt jeden Tag aufs Neue, zu erkunden. Wir sehen Delfine, Mantas, Schildkr\u00f6ten und wenn man Gl\u00fcck hat Haie und andere Gro\u00dffische.","breadcrumb":{"@id":"https:\/\/simsim-reisen.de\/?page_id=3269#breadcrumb"},"inLanguage":"de","potentialAction":[{"@type":"ReadAction","target":["https:\/\/simsim-reisen.de\/?page_id=3269"]}]},{"@type":"ImageObject","inLanguage":"de","@id":"https:\/\/simsim-reisen.de\/?page_id=3269#primaryimage","url":"https:\/\/simsim-reisen.de\/wp-content\/uploads\/2018\/03\/2-1.jpg","contentUrl":"https:\/\/simsim-reisen.de\/wp-content\/uploads\/2018\/03\/2-1.jpg","width":1280,"height":960,"caption":"Video"},{"@type":"BreadcrumbList","@id":"https:\/\/simsim-reisen.de\/?page_id=3269#breadcrumb","itemListElement":[{"@type":"ListItem","position":1,"name":"Home","item":"https:\/\/simsim-reisen.de\/"},{"@type":"ListItem","position":2,"name":"Video"}]},{"@type":"WebSite","@id":"https:\/\/simsim-reisen.de\/#website","url":"https:\/\/simsim-reisen.de\/","name":"SimSim Dive Safari & Ausfl\u00fcge","description":"","publisher":{"@id":"https:\/\/simsim-reisen.de\/#organization"},"potentialAction":[{"@type":"SearchAction","target":{"@type":"EntryPoint","urlTemplate":"https:\/\/simsim-reisen.de\/?s={search_term_string}"},"query-input":{"@type":"PropertyValueSpecification","valueRequired":true,"valueName":"search_term_string"}}],"inLanguage":"de"},{"@type":"Organization","@id":"https:\/\/simsim-reisen.de\/#organization","name":"SimSim Dive Safari & Ausfl\u00fcge","url":"https:\/\/simsim-reisen.de\/","logo":{"@type":"ImageObject","inLanguage":"de","@id":"https:\/\/simsim-reisen.de\/#\/schema\/logo\/image\/","url":"https:\/\/simsim-reisen.de\/wp-content\/uploads\/2018\/04\/simsim-tauchtouren-aegypten-dark.png","contentUrl":"https:\/\/simsim-reisen.de\/wp-content\/uploads\/2018\/04\/simsim-tauchtouren-aegypten-dark.png","width":50,"height":61,"caption":"SimSim Dive Safari & Ausfl\u00fcge"},"image":{"@id":"https:\/\/simsim-reisen.de\/#\/schema\/logo\/image\/"},"sameAs":["https:\/\/www.facebook.com\/simsimreisen.de\/"]}]}},"_links":{"self":[{"href":"https:\/\/simsim-reisen.de\/index.php?rest_route=\/wp\/v2\/pages\/3269","targetHints":{"allow":["GET"]}}],"collection":[{"href":"https:\/\/simsim-reisen.de\/index.php?rest_route=\/wp\/v2\/pages"}],"about":[{"href":"https:\/\/simsim-reisen.de\/index.php?rest_route=\/wp\/v2\/types\/page"}],"author":[{"embeddable":true,"href":"https:\/\/simsim-reisen.de\/index.php?rest_route=\/wp\/v2\/users\/1"}],"replies":[{"embeddable":true,"href":"https:\/\/simsim-reisen.de\/index.php?rest_route=%2Fwp%2Fv2%2Fcomments&post=3269"}],"version-history":[{"count":4,"href":"https:\/\/simsim-reisen.de\/index.php?rest_route=\/wp\/v2\/pages\/3269\/revisions"}],"predecessor-version":[{"id":3547,"href":"https:\/\/simsim-reisen.de\/index.php?rest_route=\/wp\/v2\/pages\/3269\/revisions\/3547"}],"wp:attachment":[{"href":"https:\/\/simsim-reisen.de\/index.php?rest_route=%2Fwp%2Fv2%2Fmedia&parent=3269"}],"curies":[{"name":"wp","href":"https:\/\/api.w.org\/{rel}","templated":true}]}}